{"id":8612,"date":"2021-03-18T19:01:19","date_gmt":"2021-03-18T17:01:19","guid":{"rendered":"https:\/\/www.kiveri-apartments.com\/?page_id=8612"},"modified":"2021-12-04T15:25:28","modified_gmt":"2021-12-04T13:25:28","slug":"apartments","status":"publish","type":"page","link":"https:\/\/www.kiveri-apartments.com\/fr\/apartments\/","title":{"rendered":"Appartements De Vacances | Gr\u00e8ce | P\u00e9loponn\u00e8se | Kiveri | Epidaure | Nafplio | Myc\u00e8nes"},"content":{"rendered":"<div class=\"wpb-content-wrapper\"><p>[vc_row content_placement=&#8221;middle&#8221; css=&#8221;.vc_custom_1632672111929{padding-top: 12% !important;}&#8221;][vc_column][\/vc_column][\/vc_row][vc_row content_placement=&#8221;middle&#8221;][vc_column width=&#8221;1\/2&#8243;][vc_text_separator title=&#8221;<strong>Appartement 2 Chambres avec Vue sur la Mer<\/strong>&#8221; color=&#8221;custom&#8221; border_width=&#8221;3&#8243; accent_color=&#8221;#bf9958&#8243; css=&#8221;.vc_custom_1638624263273{background-position: 0 0 !important;background-repeat: repeat !important;}&#8221;][vc_column_text]<\/p>\n<h6 style=\"text-align: center;\"><a href=\"https:\/\/www.kiveri-apartments.com\/fr\/orange-tree\/\"><strong>Orange Tree Appartement<\/strong><\/a><\/h6>\n<p>[\/vc_column_text][vc_single_image image=&#8221;6503&#8243; img_size=&#8221;large&#8221; alignment=&#8221;center&#8221; onclick=&#8221;custom_link&#8221; link=&#8221;https:\/\/www.kiveri-apartments.com\/fr\/orange-tree&#8221;][vc_btn title=&#8221;<strong>Photos de l&#8217;Appartement<\/strong>&#8221; style=&#8221;custom&#8221; custom_background=&#8221;#bf9958&#8243; custom_text=&#8221;#ffffff&#8221; size=&#8221;xs&#8221; align=&#8221;center&#8221; i_icon_fontawesome=&#8221;&#8221; add_icon=&#8221;true&#8221; link=&#8221;url:https%3A%2F%2Fwww.kiveri-apartments.com%2Ffr%2Fapartments%2Forange-tree%2F|title:Orange%20Tree%20Apartment&#8221;][vc_column_text]<\/p>\n<p style=\"text-align: center;\"><strong>Chambres:<\/strong> 2<br \/>\n<strong>Capacit\u00e9:<\/strong> 5 personnes<br \/>\n<strong>Superficie:<\/strong> 75qm<br \/>\n<strong>Vue:<\/strong> Mer<br \/>\n<strong>\u00c9tage:<\/strong> 2<\/p>\n<p>[\/vc_column_text][\/vc_column][vc_column width=&#8221;1\/2&#8243;][vc_text_separator title=&#8221;<strong>Appartement 1 Chambre &#8211; Vue sur Mer<\/strong>&#8221; color=&#8221;custom&#8221; border_width=&#8221;3&#8243; accent_color=&#8221;#bf9958&#8243;][vc_column_text]<\/p>\n<h6 style=\"text-align: center;\"><a href=\"https:\/\/www.kiveri-apartments.com\/fr\/grape-tree\/\"><strong>Grape Tree Appartement<\/strong><\/a><\/h6>\n<p>[\/vc_column_text][vc_single_image image=&#8221;6409&#8243; img_size=&#8221;large&#8221; alignment=&#8221;center&#8221; onclick=&#8221;custom_link&#8221; link=&#8221;https:\/\/www.kiveri-apartments.com\/fr\/grape-tree&#8221;][vc_btn title=&#8221;<strong>Photos de l&#8217;Appartement<\/strong>&#8221; style=&#8221;custom&#8221; custom_background=&#8221;#bf9958&#8243; custom_text=&#8221;#ffffff&#8221; size=&#8221;xs&#8221; align=&#8221;center&#8221; i_icon_fontawesome=&#8221;&#8221; add_icon=&#8221;true&#8221; link=&#8221;url:https%3A%2F%2Fwww.kiveri-apartments.com%2Ffr%2Fapartments%2Fgrape-tree%2F|title:Grape%20Tree%20Apartment&#8221;][vc_column_text]<\/p>\n<p style=\"text-align: center;\"><strong>Chambres:<\/strong> 1<br \/>\n<strong>Capacit\u00e9:<\/strong> 3 personnes<br \/>\n<strong>Superficie:<\/strong> 40qm<br \/>\n<strong>Vue:<\/strong> Mer<br \/>\n<strong>\u00c9tage:<\/strong> 1<\/p>\n<p>[\/vc_column_text][\/vc_column][\/vc_row]<\/p>\n<\/div>","protected":false},"excerpt":{"rendered":"<p>[vc_row content_placement=&#8221;middle&#8221; css=&#8221;.vc_custom_1632672111929{padding-top: 12% !important;}&#8221;][vc_column][\/vc_column][\/vc_row][vc_row content_placement=&#8221;middle&#8221;][vc_column width=&#8221;1\/2&#8243;][vc_text_separator title=&#8221;Appartement 2 Chambres avec Vue sur la Mer&#8221; color=&#8221;custom&#8221; border_width=&#8221;3&#8243; accent_color=&#8221;#bf9958&#8243; css=&#8221;.vc_custom_1638624263273{background-position: 0 0 !important;background-repeat: repeat !important;}&#8221;][vc_column_text] Orange Tree Appartement [\/vc_column_text][vc_single_image image=&#8221;6503&#8243; img_size=&#8221;large&#8221; alignment=&#8221;center&#8221; onclick=&#8221;custom_link&#8221; link=&#8221;https:\/\/www.kiveri-apartments.com\/fr\/orange-tree&#8221;][vc_btn title=&#8221;Photos de l&#8217;Appartement&#8221; style=&#8221;custom&#8221; custom_background=&#8221;#bf9958&#8243; custom_text=&#8221;#ffffff&#8221; size=&#8221;xs&#8221; align=&#8221;center&#8221; i_icon_fontawesome=&#8221;&#8221; add_icon=&#8221;true&#8221; link=&#8221;url:https%3A%2F%2Fwww.kiveri-apartments.com%2Ffr%2Fapartments%2Forange-tree%2F|title:Orange%20Tree%20Apartment&#8221;][vc_column_text] Chambres: 2 Capacit\u00e9: 5 personnes Superficie: 75qm Vue: Mer \u00c9tage: 2<\/p>\n<a href=\"https:\/\/www.kiveri-apartments.com\/fr\/apartments\/\" class=\"sohohotel-more-link\">Read More<\/a>","protected":false},"author":1,"featured_media":8613,"parent":0,"menu_order":1,"comment_status":"closed","ping_status":"closed","template":"","meta":{"footnotes":""},"class_list":["post-8612","page","type-page","status-publish","has-post-thumbnail","hentry"],"yoast_head":"<!-- This site is optimized with the Yoast SEO plugin v27.4 - https:\/\/yoast.com\/product\/yoast-seo-wordpress\/ -->\n<title>Appartements De Vacances | Gr\u00e8ce | P\u00e9loponn\u00e8se | Kiveri | Epidaure | Nafplio | Myc\u00e8nes - Kiveri Apartments<\/title>\n<meta name=\"description\" content=\"Kiveri Apartments | Appartements De Vacances | Gr\u00e8ce | P\u00e9loponn\u00e8se | Kiveri | Epidaure | Nafplio | Myc\u00e8nes | Corinthe | R\u00e9servez d\u00e8s maintenant\" \/>\n<meta name=\"robots\" content=\"index, follow, max-snippet:-1, max-image-preview:large, max-video-preview:-1\" \/>\n<link rel=\"canonical\" href=\"https:\/\/www.kiveri-apartments.com\/fr\/apartments\/\" \/>\n<meta property=\"og:locale\" content=\"fr_FR\" \/>\n<meta property=\"og:type\" content=\"article\" \/>\n<meta property=\"og:title\" content=\"Appartements De Vacances | Gr\u00e8ce | P\u00e9loponn\u00e8se | Kiveri | Epidaure | Nafplio | Myc\u00e8nes - Kiveri Apartments\" \/>\n<meta property=\"og:description\" content=\"Kiveri Apartments | Appartements De Vacances | Gr\u00e8ce | P\u00e9loponn\u00e8se | Kiveri | Epidaure | Nafplio | Myc\u00e8nes | Corinthe | R\u00e9servez d\u00e8s maintenant\" \/>\n<meta property=\"og:url\" content=\"https:\/\/www.kiveri-apartments.com\/fr\/apartments\/\" \/>\n<meta property=\"og:site_name\" content=\"Kiveri Apartments\" \/>\n<meta property=\"article:publisher\" content=\"https:\/\/www.facebook.com\/KiveriApartments\" \/>\n<meta property=\"article:modified_time\" content=\"2021-12-04T13:25:28+00:00\" \/>\n<meta property=\"og:image\" content=\"https:\/\/www.kiveri-apartments.com\/wordpress\/wp-content\/uploads\/2018\/11\/Olive-Tree-kiveri-Apartments-19.jpg\" \/>\n\t<meta property=\"og:image:width\" content=\"1024\" \/>\n\t<meta property=\"og:image:height\" content=\"683\" \/>\n\t<meta property=\"og:image:type\" content=\"image\/jpeg\" \/>\n<meta name=\"twitter:card\" content=\"summary_large_image\" \/>\n<meta name=\"twitter:label1\" content=\"Est. reading time\" \/>\n\t<meta name=\"twitter:data1\" content=\"1 minute\" \/>\n<script type=\"application\/ld+json\" class=\"yoast-schema-graph\">{\"@context\":\"https:\\\/\\\/schema.org\",\"@graph\":[{\"@type\":\"WebPage\",\"@id\":\"https:\\\/\\\/www.kiveri-apartments.com\\\/fr\\\/apartments\\\/\",\"url\":\"https:\\\/\\\/www.kiveri-apartments.com\\\/fr\\\/apartments\\\/\",\"name\":\"Appartements De Vacances | Gr\u00e8ce | P\u00e9loponn\u00e8se | Kiveri | Epidaure | Nafplio | Myc\u00e8nes - Kiveri Apartments\",\"isPartOf\":{\"@id\":\"https:\\\/\\\/www.kiveri-apartments.com\\\/fr\\\/#website\"},\"primaryImageOfPage\":{\"@id\":\"https:\\\/\\\/www.kiveri-apartments.com\\\/fr\\\/apartments\\\/#primaryimage\"},\"image\":{\"@id\":\"https:\\\/\\\/www.kiveri-apartments.com\\\/fr\\\/apartments\\\/#primaryimage\"},\"thumbnailUrl\":\"https:\\\/\\\/www.kiveri-apartments.com\\\/wordpress\\\/wp-content\\\/uploads\\\/2018\\\/11\\\/Olive-Tree-kiveri-Apartments-19.jpg\",\"datePublished\":\"2021-03-18T17:01:19+00:00\",\"dateModified\":\"2021-12-04T13:25:28+00:00\",\"description\":\"Kiveri Apartments | Appartements De Vacances | Gr\u00e8ce | P\u00e9loponn\u00e8se | Kiveri | Epidaure | Nafplio | Myc\u00e8nes | Corinthe | R\u00e9servez d\u00e8s maintenant\",\"breadcrumb\":{\"@id\":\"https:\\\/\\\/www.kiveri-apartments.com\\\/fr\\\/apartments\\\/#breadcrumb\"},\"inLanguage\":\"fr-FR\",\"potentialAction\":[{\"@type\":\"ReadAction\",\"target\":[\"https:\\\/\\\/www.kiveri-apartments.com\\\/fr\\\/apartments\\\/\"]}]},{\"@type\":\"ImageObject\",\"inLanguage\":\"fr-FR\",\"@id\":\"https:\\\/\\\/www.kiveri-apartments.com\\\/fr\\\/apartments\\\/#primaryimage\",\"url\":\"https:\\\/\\\/www.kiveri-apartments.com\\\/wordpress\\\/wp-content\\\/uploads\\\/2018\\\/11\\\/Olive-Tree-kiveri-Apartments-19.jpg\",\"contentUrl\":\"https:\\\/\\\/www.kiveri-apartments.com\\\/wordpress\\\/wp-content\\\/uploads\\\/2018\\\/11\\\/Olive-Tree-kiveri-Apartments-19.jpg\",\"width\":1024,\"height\":683,\"caption\":\"Kiveri Apartments Accommodation Prices\"},{\"@type\":\"BreadcrumbList\",\"@id\":\"https:\\\/\\\/www.kiveri-apartments.com\\\/fr\\\/apartments\\\/#breadcrumb\",\"itemListElement\":[{\"@type\":\"ListItem\",\"position\":1,\"name\":\"Home\",\"item\":\"https:\\\/\\\/www.kiveri-apartments.com\\\/fr\\\/\"},{\"@type\":\"ListItem\",\"position\":2,\"name\":\"Appartements De Vacances | Gr\u00e8ce | P\u00e9loponn\u00e8se | Kiveri | Epidaure | Nafplio | Myc\u00e8nes\"}]},{\"@type\":\"WebSite\",\"@id\":\"https:\\\/\\\/www.kiveri-apartments.com\\\/fr\\\/#website\",\"url\":\"https:\\\/\\\/www.kiveri-apartments.com\\\/fr\\\/\",\"name\":\"Kiveri Apartments\",\"description\":\"Vacation Rentals Kiveri Argolida Greece Peloponnese\",\"publisher\":{\"@id\":\"https:\\\/\\\/www.kiveri-apartments.com\\\/fr\\\/#organization\"},\"potentialAction\":[{\"@type\":\"SearchAction\",\"target\":{\"@type\":\"EntryPoint\",\"urlTemplate\":\"https:\\\/\\\/www.kiveri-apartments.com\\\/fr\\\/?s={search_term_string}\"},\"query-input\":{\"@type\":\"PropertyValueSpecification\",\"valueRequired\":true,\"valueName\":\"search_term_string\"}}],\"inLanguage\":\"fr-FR\"},{\"@type\":\"Organization\",\"@id\":\"https:\\\/\\\/www.kiveri-apartments.com\\\/fr\\\/#organization\",\"name\":\"Kiveri Apartments\",\"url\":\"https:\\\/\\\/www.kiveri-apartments.com\\\/fr\\\/\",\"logo\":{\"@type\":\"ImageObject\",\"inLanguage\":\"fr-FR\",\"@id\":\"https:\\\/\\\/www.kiveri-apartments.com\\\/fr\\\/#\\\/schema\\\/logo\\\/image\\\/\",\"url\":\"https:\\\/\\\/www.kiveri-apartments.com\\\/wordpress\\\/wp-content\\\/uploads\\\/2018\\\/09\\\/rsz_img_20180807_132619.jpg\",\"contentUrl\":\"https:\\\/\\\/www.kiveri-apartments.com\\\/wordpress\\\/wp-content\\\/uploads\\\/2018\\\/09\\\/rsz_img_20180807_132619.jpg\",\"width\":800,\"height\":600,\"caption\":\"Kiveri Apartments\"},\"image\":{\"@id\":\"https:\\\/\\\/www.kiveri-apartments.com\\\/fr\\\/#\\\/schema\\\/logo\\\/image\\\/\"},\"sameAs\":[\"https:\\\/\\\/www.facebook.com\\\/KiveriApartments\",\"https:\\\/\\\/www.instagram.com\\\/Kiveri_Apartments\",\"https:\\\/\\\/www.youtube.com\\\/watch?v=FTIxP6mRCO8\",\"https:\\\/\\\/www.tripadvisor.com\\\/Hotel_Review-g2510119-d8568436-Reviews-Kiveri_Apartments-Kiveri_Argolis_Region_Peloponnese.html\"]}]}<\/script>\n<!-- \/ Yoast SEO plugin. -->","yoast_head_json":{"title":"Appartements De Vacances | Gr\u00e8ce | P\u00e9loponn\u00e8se | Kiveri | Epidaure | Nafplio | Myc\u00e8nes - Kiveri Apartments","description":"Kiveri Apartments | Appartements De Vacances | Gr\u00e8ce | P\u00e9loponn\u00e8se | Kiveri | Epidaure | Nafplio | Myc\u00e8nes | Corinthe | R\u00e9servez d\u00e8s maintenant","robots":{"index":"index","follow":"follow","max-snippet":"max-snippet:-1","max-image-preview":"max-image-preview:large","max-video-preview":"max-video-preview:-1"},"canonical":"https:\/\/www.kiveri-apartments.com\/fr\/apartments\/","og_locale":"fr_FR","og_type":"article","og_title":"Appartements De Vacances | Gr\u00e8ce | P\u00e9loponn\u00e8se | Kiveri | Epidaure | Nafplio | Myc\u00e8nes - Kiveri Apartments","og_description":"Kiveri Apartments | Appartements De Vacances | Gr\u00e8ce | P\u00e9loponn\u00e8se | Kiveri | Epidaure | Nafplio | Myc\u00e8nes | Corinthe | R\u00e9servez d\u00e8s maintenant","og_url":"https:\/\/www.kiveri-apartments.com\/fr\/apartments\/","og_site_name":"Kiveri Apartments","article_publisher":"https:\/\/www.facebook.com\/KiveriApartments","article_modified_time":"2021-12-04T13:25:28+00:00","og_image":[{"width":1024,"height":683,"url":"https:\/\/www.kiveri-apartments.com\/wordpress\/wp-content\/uploads\/2018\/11\/Olive-Tree-kiveri-Apartments-19.jpg","type":"image\/jpeg"}],"twitter_card":"summary_large_image","twitter_misc":{"Est. reading time":"1 minute"},"schema":{"@context":"https:\/\/schema.org","@graph":[{"@type":"WebPage","@id":"https:\/\/www.kiveri-apartments.com\/fr\/apartments\/","url":"https:\/\/www.kiveri-apartments.com\/fr\/apartments\/","name":"Appartements De Vacances | Gr\u00e8ce | P\u00e9loponn\u00e8se | Kiveri | Epidaure | Nafplio | Myc\u00e8nes - Kiveri Apartments","isPartOf":{"@id":"https:\/\/www.kiveri-apartments.com\/fr\/#website"},"primaryImageOfPage":{"@id":"https:\/\/www.kiveri-apartments.com\/fr\/apartments\/#primaryimage"},"image":{"@id":"https:\/\/www.kiveri-apartments.com\/fr\/apartments\/#primaryimage"},"thumbnailUrl":"https:\/\/www.kiveri-apartments.com\/wordpress\/wp-content\/uploads\/2018\/11\/Olive-Tree-kiveri-Apartments-19.jpg","datePublished":"2021-03-18T17:01:19+00:00","dateModified":"2021-12-04T13:25:28+00:00","description":"Kiveri Apartments | Appartements De Vacances | Gr\u00e8ce | P\u00e9loponn\u00e8se | Kiveri | Epidaure | Nafplio | Myc\u00e8nes | Corinthe | R\u00e9servez d\u00e8s maintenant","breadcrumb":{"@id":"https:\/\/www.kiveri-apartments.com\/fr\/apartments\/#breadcrumb"},"inLanguage":"fr-FR","potentialAction":[{"@type":"ReadAction","target":["https:\/\/www.kiveri-apartments.com\/fr\/apartments\/"]}]},{"@type":"ImageObject","inLanguage":"fr-FR","@id":"https:\/\/www.kiveri-apartments.com\/fr\/apartments\/#primaryimage","url":"https:\/\/www.kiveri-apartments.com\/wordpress\/wp-content\/uploads\/2018\/11\/Olive-Tree-kiveri-Apartments-19.jpg","contentUrl":"https:\/\/www.kiveri-apartments.com\/wordpress\/wp-content\/uploads\/2018\/11\/Olive-Tree-kiveri-Apartments-19.jpg","width":1024,"height":683,"caption":"Kiveri Apartments Accommodation Prices"},{"@type":"BreadcrumbList","@id":"https:\/\/www.kiveri-apartments.com\/fr\/apartments\/#breadcrumb","itemListElement":[{"@type":"ListItem","position":1,"name":"Home","item":"https:\/\/www.kiveri-apartments.com\/fr\/"},{"@type":"ListItem","position":2,"name":"Appartements De Vacances | Gr\u00e8ce | P\u00e9loponn\u00e8se | Kiveri | Epidaure | Nafplio | Myc\u00e8nes"}]},{"@type":"WebSite","@id":"https:\/\/www.kiveri-apartments.com\/fr\/#website","url":"https:\/\/www.kiveri-apartments.com\/fr\/","name":"Kiveri Apartments","description":"Vacation Rentals Kiveri Argolida Greece Peloponnese","publisher":{"@id":"https:\/\/www.kiveri-apartments.com\/fr\/#organization"},"potentialAction":[{"@type":"SearchAction","target":{"@type":"EntryPoint","urlTemplate":"https:\/\/www.kiveri-apartments.com\/fr\/?s={search_term_string}"},"query-input":{"@type":"PropertyValueSpecification","valueRequired":true,"valueName":"search_term_string"}}],"inLanguage":"fr-FR"},{"@type":"Organization","@id":"https:\/\/www.kiveri-apartments.com\/fr\/#organization","name":"Kiveri Apartments","url":"https:\/\/www.kiveri-apartments.com\/fr\/","logo":{"@type":"ImageObject","inLanguage":"fr-FR","@id":"https:\/\/www.kiveri-apartments.com\/fr\/#\/schema\/logo\/image\/","url":"https:\/\/www.kiveri-apartments.com\/wordpress\/wp-content\/uploads\/2018\/09\/rsz_img_20180807_132619.jpg","contentUrl":"https:\/\/www.kiveri-apartments.com\/wordpress\/wp-content\/uploads\/2018\/09\/rsz_img_20180807_132619.jpg","width":800,"height":600,"caption":"Kiveri Apartments"},"image":{"@id":"https:\/\/www.kiveri-apartments.com\/fr\/#\/schema\/logo\/image\/"},"sameAs":["https:\/\/www.facebook.com\/KiveriApartments","https:\/\/www.instagram.com\/Kiveri_Apartments","https:\/\/www.youtube.com\/watch?v=FTIxP6mRCO8","https:\/\/www.tripadvisor.com\/Hotel_Review-g2510119-d8568436-Reviews-Kiveri_Apartments-Kiveri_Argolis_Region_Peloponnese.html"]}]}},"_links":{"self":[{"href":"https:\/\/www.kiveri-apartments.com\/fr\/wp-json\/wp\/v2\/pages\/8612","targetHints":{"allow":["GET"]}}],"collection":[{"href":"https:\/\/www.kiveri-apartments.com\/fr\/wp-json\/wp\/v2\/pages"}],"about":[{"href":"https:\/\/www.kiveri-apartments.com\/fr\/wp-json\/wp\/v2\/types\/page"}],"author":[{"embeddable":true,"href":"https:\/\/www.kiveri-apartments.com\/fr\/wp-json\/wp\/v2\/users\/1"}],"replies":[{"embeddable":true,"href":"https:\/\/www.kiveri-apartments.com\/fr\/wp-json\/wp\/v2\/comments?post=8612"}],"version-history":[{"count":0,"href":"https:\/\/www.kiveri-apartments.com\/fr\/wp-json\/wp\/v2\/pages\/8612\/revisions"}],"wp:featuredmedia":[{"embeddable":true,"href":"https:\/\/www.kiveri-apartments.com\/fr\/wp-json\/wp\/v2\/media\/8613"}],"wp:attachment":[{"href":"https:\/\/www.kiveri-apartments.com\/fr\/wp-json\/wp\/v2\/media?parent=8612"}],"curies":[{"name":"wp","href":"https:\/\/api.w.org\/{rel}","templated":true}]}}