{"id":8677,"date":"2021-03-18T20:05:29","date_gmt":"2021-03-18T18:05:29","guid":{"rendered":"https:\/\/www.kiveri-apartments.com\/?page_id=8677"},"modified":"2022-10-20T11:18:20","modified_gmt":"2022-10-20T09:18:20","slug":"kontakt","status":"publish","type":"page","link":"https:\/\/www.kiveri-apartments.com\/de\/kontakt\/","title":{"rendered":"kontakt"},"content":{"rendered":"<div class=\"wpb-content-wrapper\"><p>[vc_row gap=&#8221;20&#8243; css=&#8221;.vc_custom_1632673228872{padding-top: 12% !important;}&#8221;][vc_column][vc_column_text]<\/p>\n<h2 style=\"text-align: center;\">F\u00fcr R\u00fcckfragen stehen wir Ihnen gerne zur Verf\u00fcgung.<\/h2>\n<p>[\/vc_column_text][\/vc_column][\/vc_row][vc_row][vc_column width=&#8221;1\/4&#8243;][vc_column_text]<\/p>\n<h4 style=\"text-align: center;\">kontaktdaten<\/h4>\n<p>[\/vc_column_text]<ul class=\"sohohotel-contact-details-list\"><li class=\"sohohotel-address clearfix\">Kiveri Argolidas, Peloponnes, Griechenland, 21200<\/li><li class=\"sohohotel-phone clearfix\"><a href=\"tel:+306944412627\">+30 6944412627<\/a><\/li><li class=\"sohohotel-email clearfix\"><a href=\"mailto:info@kiveri-apartments.com\">info@kiveri-apartments.com<\/a><\/li><\/ul>[vc_column_text]<a href=\"http:\/\/www.kiveri-apartments.com\/wordpress\/wp-content\/uploads\/2017\/11\/Athens-International-Airport-to-Kiveri-Apartments-Google-Maps.pdf\" target=\"_blank\" rel=\"noopener noreferrer\">Wegbeschreibung Flughafen Kiveri<\/a>[\/vc_column_text][\/vc_column][vc_column width=&#8221;3\/4&#8243;][vc_row_inner][vc_column_inner][vc_gmaps link=&#8221;#E-8_JTNDaWZyYW1lJTIwc3JjJTNEJTIyaHR0cHMlM0ElMkYlMkZ3d3cuZ29vZ2xlLmNvbSUyRm1hcHMlMkZlbWJlZCUzRnBiJTNEJTIxMW0xMiUyMTFtOCUyMTFtMyUyMTFkODA5Mjc0LjUxNDk0NzU2MjElMjEyZDIyLjY2MDY5NzgxMDk4NjUyMyUyMTNkMzcuNTk2Nzc5MTkwMzY3NTU2JTIxM20yJTIxMWkxMDI0JTIxMmk3NjglMjE0ZjEzLjElMjEybTElMjExc2tpdmVyaSUyQmFwYXJ0bWVudHMlMjE1ZTAlMjEzbTIlMjExc2VuJTIxMnNnciUyMTR2MTUxMTQzMTcwNTM2OCUyMiUyMHdpZHRoJTNEJTIyNjAwJTIyJTIwaGVpZ2h0JTNEJTIyNDUwJTIyJTIwZnJhbWVib3JkZXIlM0QlMjIwJTIyJTIwc3R5bGUlM0QlMjJib3JkZXIlM0EwJTIyJTIwYWxsb3dmdWxsc2NyZWVuJTNFJTNDJTJGaWZyYW1lJTNF&#8221;][\/vc_column_inner][\/vc_row_inner][\/vc_column][\/vc_row]<\/p>\n<\/div>","protected":false},"excerpt":{"rendered":"<p>[vc_row gap=&#8221;20&#8243; css=&#8221;.vc_custom_1632673228872{padding-top: 12% !important;}&#8221;][vc_column][vc_column_text] F\u00fcr R\u00fcckfragen stehen wir Ihnen gerne zur Verf\u00fcgung. [\/vc_column_text][\/vc_column][\/vc_row][vc_row][vc_column width=&#8221;1\/4&#8243;][vc_column_text] kontaktdaten [\/vc_column_text][vc_column_text]Wegbeschreibung Flughafen Kiveri[\/vc_column_text][\/vc_column][vc_column width=&#8221;3\/4&#8243;][vc_row_inner][vc_column_inner][vc_gmaps link=&#8221;#E-8_JTNDaWZyYW1lJTIwc3JjJTNEJTIyaHR0cHMlM0ElMkYlMkZ3d3cuZ29vZ2xlLmNvbSUyRm1hcHMlMkZlbWJlZCUzRnBiJTNEJTIxMW0xMiUyMTFtOCUyMTFtMyUyMTFkODA5Mjc0LjUxNDk0NzU2MjElMjEyZDIyLjY2MDY5NzgxMDk4NjUyMyUyMTNkMzcuNTk2Nzc5MTkwMzY3NTU2JTIxM20yJTIxMWkxMDI0JTIxMmk3NjglMjE0ZjEzLjElMjEybTElMjExc2tpdmVyaSUyQmFwYXJ0bWVudHMlMjE1ZTAlMjEzbTIlMjExc2VuJTIxMnNnciUyMTR2MTUxMTQzMTcwNTM2OCUyMiUyMHdpZHRoJTNEJTIyNjAwJTIyJTIwaGVpZ2h0JTNEJTIyNDUwJTIyJTIwZnJhbWVib3JkZXIlM0QlMjIwJTIyJTIwc3R5bGUlM0QlMjJib3JkZXIlM0EwJTIyJTIwYWxsb3dmdWxsc2NyZWVuJTNFJTNDJTJGaWZyYW1lJTNF&#8221;][\/vc_column_inner][\/vc_row_inner][\/vc_column][\/vc_row]<\/p>\n<a href=\"https:\/\/www.kiveri-apartments.com\/de\/kontakt\/\" class=\"sohohotel-more-link\">Read More<\/a>","protected":false},"author":1,"featured_media":8678,"parent":0,"menu_order":99,"comment_status":"closed","ping_status":"closed","template":"","meta":{"footnotes":""},"class_list":["post-8677","page","type-page","status-publish","has-post-thumbnail","hentry"],"yoast_head":"<!-- This site is optimized with the Yoast SEO plugin v27.4 - https:\/\/yoast.com\/product\/yoast-seo-wordpress\/ -->\n<title>kontakt - Kiveri Apartments<\/title>\n<meta name=\"description\" content=\"Kiveri Apartments Kontaktieren Sie uns gerne, wenn Sie gew\u00fcnschte Informationen nicht finden, oder weitere Fragen haben. Reservierung-Preis-Informationen\" \/>\n<meta name=\"robots\" content=\"index, follow, max-snippet:-1, max-image-preview:large, max-video-preview:-1\" \/>\n<link rel=\"canonical\" href=\"https:\/\/www.kiveri-apartments.com\/de\/kontakt\/\" \/>\n<meta property=\"og:locale\" content=\"de_DE\" \/>\n<meta property=\"og:type\" content=\"article\" \/>\n<meta property=\"og:title\" content=\"kontakt - Kiveri Apartments\" \/>\n<meta property=\"og:description\" content=\"Kiveri Apartments Kontaktieren Sie uns gerne, wenn Sie gew\u00fcnschte Informationen nicht finden, oder weitere Fragen haben. Reservierung-Preis-Informationen\" \/>\n<meta property=\"og:url\" content=\"https:\/\/www.kiveri-apartments.com\/de\/kontakt\/\" \/>\n<meta property=\"og:site_name\" content=\"Kiveri Apartments\" \/>\n<meta property=\"article:publisher\" content=\"https:\/\/www.facebook.com\/KiveriApartments\" \/>\n<meta property=\"article:modified_time\" content=\"2022-10-20T09:18:20+00:00\" \/>\n<meta property=\"og:image\" content=\"https:\/\/www.kiveri-apartments.com\/wordpress\/wp-content\/uploads\/2018\/11\/Kiveri-Seaside-Apartments-Greece-Peloponnese-Nafplio.jpg\" \/>\n\t<meta property=\"og:image:width\" content=\"1024\" \/>\n\t<meta property=\"og:image:height\" content=\"683\" \/>\n\t<meta property=\"og:image:type\" content=\"image\/jpeg\" \/>\n<meta name=\"twitter:card\" content=\"summary_large_image\" \/>\n<meta name=\"twitter:label1\" content=\"Est. reading time\" \/>\n\t<meta name=\"twitter:data1\" content=\"1 minute\" \/>\n<script type=\"application\/ld+json\" class=\"yoast-schema-graph\">{\"@context\":\"https:\\\/\\\/schema.org\",\"@graph\":[{\"@type\":\"WebPage\",\"@id\":\"https:\\\/\\\/www.kiveri-apartments.com\\\/de\\\/kontakt\\\/\",\"url\":\"https:\\\/\\\/www.kiveri-apartments.com\\\/de\\\/kontakt\\\/\",\"name\":\"kontakt - Kiveri Apartments\",\"isPartOf\":{\"@id\":\"https:\\\/\\\/www.kiveri-apartments.com\\\/de\\\/#website\"},\"primaryImageOfPage\":{\"@id\":\"https:\\\/\\\/www.kiveri-apartments.com\\\/de\\\/kontakt\\\/#primaryimage\"},\"image\":{\"@id\":\"https:\\\/\\\/www.kiveri-apartments.com\\\/de\\\/kontakt\\\/#primaryimage\"},\"thumbnailUrl\":\"https:\\\/\\\/www.kiveri-apartments.com\\\/wordpress\\\/wp-content\\\/uploads\\\/2018\\\/11\\\/Kiveri-Seaside-Apartments-Greece-Peloponnese-Nafplio.jpg\",\"datePublished\":\"2021-03-18T18:05:29+00:00\",\"dateModified\":\"2022-10-20T09:18:20+00:00\",\"description\":\"Kiveri Apartments Kontaktieren Sie uns gerne, wenn Sie gew\u00fcnschte Informationen nicht finden, oder weitere Fragen haben. Reservierung-Preis-Informationen\",\"breadcrumb\":{\"@id\":\"https:\\\/\\\/www.kiveri-apartments.com\\\/de\\\/kontakt\\\/#breadcrumb\"},\"inLanguage\":\"de-DE\",\"potentialAction\":[{\"@type\":\"ReadAction\",\"target\":[\"https:\\\/\\\/www.kiveri-apartments.com\\\/de\\\/kontakt\\\/\"]}]},{\"@type\":\"ImageObject\",\"inLanguage\":\"de-DE\",\"@id\":\"https:\\\/\\\/www.kiveri-apartments.com\\\/de\\\/kontakt\\\/#primaryimage\",\"url\":\"https:\\\/\\\/www.kiveri-apartments.com\\\/wordpress\\\/wp-content\\\/uploads\\\/2018\\\/11\\\/Kiveri-Seaside-Apartments-Greece-Peloponnese-Nafplio.jpg\",\"contentUrl\":\"https:\\\/\\\/www.kiveri-apartments.com\\\/wordpress\\\/wp-content\\\/uploads\\\/2018\\\/11\\\/Kiveri-Seaside-Apartments-Greece-Peloponnese-Nafplio.jpg\",\"width\":1024,\"height\":683,\"caption\":\"Kiveri Apartments Contact \u0395\u03c0\u03b9\u03ba\u03bf\u03b9\u03bd\u03c9\u03bd\u03af\u03b1 \u03a0\u03bb\u03b7\u03c1\u03bf\u03c6\u03bf\u03c1\u03af\u03b5\u03c2\"},{\"@type\":\"BreadcrumbList\",\"@id\":\"https:\\\/\\\/www.kiveri-apartments.com\\\/de\\\/kontakt\\\/#breadcrumb\",\"itemListElement\":[{\"@type\":\"ListItem\",\"position\":1,\"name\":\"Home\",\"item\":\"https:\\\/\\\/www.kiveri-apartments.com\\\/de\\\/\"},{\"@type\":\"ListItem\",\"position\":2,\"name\":\"kontakt\"}]},{\"@type\":\"WebSite\",\"@id\":\"https:\\\/\\\/www.kiveri-apartments.com\\\/de\\\/#website\",\"url\":\"https:\\\/\\\/www.kiveri-apartments.com\\\/de\\\/\",\"name\":\"Kiveri Apartments\",\"description\":\"Vacation Rentals Kiveri Argolida Greece Peloponnese\",\"publisher\":{\"@id\":\"https:\\\/\\\/www.kiveri-apartments.com\\\/de\\\/#organization\"},\"potentialAction\":[{\"@type\":\"SearchAction\",\"target\":{\"@type\":\"EntryPoint\",\"urlTemplate\":\"https:\\\/\\\/www.kiveri-apartments.com\\\/de\\\/?s={search_term_string}\"},\"query-input\":{\"@type\":\"PropertyValueSpecification\",\"valueRequired\":true,\"valueName\":\"search_term_string\"}}],\"inLanguage\":\"de-DE\"},{\"@type\":\"Organization\",\"@id\":\"https:\\\/\\\/www.kiveri-apartments.com\\\/de\\\/#organization\",\"name\":\"Kiveri Apartments\",\"url\":\"https:\\\/\\\/www.kiveri-apartments.com\\\/de\\\/\",\"logo\":{\"@type\":\"ImageObject\",\"inLanguage\":\"de-DE\",\"@id\":\"https:\\\/\\\/www.kiveri-apartments.com\\\/de\\\/#\\\/schema\\\/logo\\\/image\\\/\",\"url\":\"https:\\\/\\\/www.kiveri-apartments.com\\\/wordpress\\\/wp-content\\\/uploads\\\/2018\\\/09\\\/rsz_img_20180807_132619.jpg\",\"contentUrl\":\"https:\\\/\\\/www.kiveri-apartments.com\\\/wordpress\\\/wp-content\\\/uploads\\\/2018\\\/09\\\/rsz_img_20180807_132619.jpg\",\"width\":800,\"height\":600,\"caption\":\"Kiveri Apartments\"},\"image\":{\"@id\":\"https:\\\/\\\/www.kiveri-apartments.com\\\/de\\\/#\\\/schema\\\/logo\\\/image\\\/\"},\"sameAs\":[\"https:\\\/\\\/www.facebook.com\\\/KiveriApartments\",\"https:\\\/\\\/www.instagram.com\\\/Kiveri_Apartments\",\"https:\\\/\\\/www.youtube.com\\\/watch?v=FTIxP6mRCO8\",\"https:\\\/\\\/www.tripadvisor.com\\\/Hotel_Review-g2510119-d8568436-Reviews-Kiveri_Apartments-Kiveri_Argolis_Region_Peloponnese.html\"]}]}<\/script>\n<!-- \/ Yoast SEO plugin. -->","yoast_head_json":{"title":"kontakt - Kiveri Apartments","description":"Kiveri Apartments Kontaktieren Sie uns gerne, wenn Sie gew\u00fcnschte Informationen nicht finden, oder weitere Fragen haben. Reservierung-Preis-Informationen","robots":{"index":"index","follow":"follow","max-snippet":"max-snippet:-1","max-image-preview":"max-image-preview:large","max-video-preview":"max-video-preview:-1"},"canonical":"https:\/\/www.kiveri-apartments.com\/de\/kontakt\/","og_locale":"de_DE","og_type":"article","og_title":"kontakt - Kiveri Apartments","og_description":"Kiveri Apartments Kontaktieren Sie uns gerne, wenn Sie gew\u00fcnschte Informationen nicht finden, oder weitere Fragen haben. Reservierung-Preis-Informationen","og_url":"https:\/\/www.kiveri-apartments.com\/de\/kontakt\/","og_site_name":"Kiveri Apartments","article_publisher":"https:\/\/www.facebook.com\/KiveriApartments","article_modified_time":"2022-10-20T09:18:20+00:00","og_image":[{"width":1024,"height":683,"url":"https:\/\/www.kiveri-apartments.com\/wordpress\/wp-content\/uploads\/2018\/11\/Kiveri-Seaside-Apartments-Greece-Peloponnese-Nafplio.jpg","type":"image\/jpeg"}],"twitter_card":"summary_large_image","twitter_misc":{"Est. reading time":"1 minute"},"schema":{"@context":"https:\/\/schema.org","@graph":[{"@type":"WebPage","@id":"https:\/\/www.kiveri-apartments.com\/de\/kontakt\/","url":"https:\/\/www.kiveri-apartments.com\/de\/kontakt\/","name":"kontakt - Kiveri Apartments","isPartOf":{"@id":"https:\/\/www.kiveri-apartments.com\/de\/#website"},"primaryImageOfPage":{"@id":"https:\/\/www.kiveri-apartments.com\/de\/kontakt\/#primaryimage"},"image":{"@id":"https:\/\/www.kiveri-apartments.com\/de\/kontakt\/#primaryimage"},"thumbnailUrl":"https:\/\/www.kiveri-apartments.com\/wordpress\/wp-content\/uploads\/2018\/11\/Kiveri-Seaside-Apartments-Greece-Peloponnese-Nafplio.jpg","datePublished":"2021-03-18T18:05:29+00:00","dateModified":"2022-10-20T09:18:20+00:00","description":"Kiveri Apartments Kontaktieren Sie uns gerne, wenn Sie gew\u00fcnschte Informationen nicht finden, oder weitere Fragen haben. Reservierung-Preis-Informationen","breadcrumb":{"@id":"https:\/\/www.kiveri-apartments.com\/de\/kontakt\/#breadcrumb"},"inLanguage":"de-DE","potentialAction":[{"@type":"ReadAction","target":["https:\/\/www.kiveri-apartments.com\/de\/kontakt\/"]}]},{"@type":"ImageObject","inLanguage":"de-DE","@id":"https:\/\/www.kiveri-apartments.com\/de\/kontakt\/#primaryimage","url":"https:\/\/www.kiveri-apartments.com\/wordpress\/wp-content\/uploads\/2018\/11\/Kiveri-Seaside-Apartments-Greece-Peloponnese-Nafplio.jpg","contentUrl":"https:\/\/www.kiveri-apartments.com\/wordpress\/wp-content\/uploads\/2018\/11\/Kiveri-Seaside-Apartments-Greece-Peloponnese-Nafplio.jpg","width":1024,"height":683,"caption":"Kiveri Apartments Contact \u0395\u03c0\u03b9\u03ba\u03bf\u03b9\u03bd\u03c9\u03bd\u03af\u03b1 \u03a0\u03bb\u03b7\u03c1\u03bf\u03c6\u03bf\u03c1\u03af\u03b5\u03c2"},{"@type":"BreadcrumbList","@id":"https:\/\/www.kiveri-apartments.com\/de\/kontakt\/#breadcrumb","itemListElement":[{"@type":"ListItem","position":1,"name":"Home","item":"https:\/\/www.kiveri-apartments.com\/de\/"},{"@type":"ListItem","position":2,"name":"kontakt"}]},{"@type":"WebSite","@id":"https:\/\/www.kiveri-apartments.com\/de\/#website","url":"https:\/\/www.kiveri-apartments.com\/de\/","name":"Kiveri Apartments","description":"Vacation Rentals Kiveri Argolida Greece Peloponnese","publisher":{"@id":"https:\/\/www.kiveri-apartments.com\/de\/#organization"},"potentialAction":[{"@type":"SearchAction","target":{"@type":"EntryPoint","urlTemplate":"https:\/\/www.kiveri-apartments.com\/de\/?s={search_term_string}"},"query-input":{"@type":"PropertyValueSpecification","valueRequired":true,"valueName":"search_term_string"}}],"inLanguage":"de-DE"},{"@type":"Organization","@id":"https:\/\/www.kiveri-apartments.com\/de\/#organization","name":"Kiveri Apartments","url":"https:\/\/www.kiveri-apartments.com\/de\/","logo":{"@type":"ImageObject","inLanguage":"de-DE","@id":"https:\/\/www.kiveri-apartments.com\/de\/#\/schema\/logo\/image\/","url":"https:\/\/www.kiveri-apartments.com\/wordpress\/wp-content\/uploads\/2018\/09\/rsz_img_20180807_132619.jpg","contentUrl":"https:\/\/www.kiveri-apartments.com\/wordpress\/wp-content\/uploads\/2018\/09\/rsz_img_20180807_132619.jpg","width":800,"height":600,"caption":"Kiveri Apartments"},"image":{"@id":"https:\/\/www.kiveri-apartments.com\/de\/#\/schema\/logo\/image\/"},"sameAs":["https:\/\/www.facebook.com\/KiveriApartments","https:\/\/www.instagram.com\/Kiveri_Apartments","https:\/\/www.youtube.com\/watch?v=FTIxP6mRCO8","https:\/\/www.tripadvisor.com\/Hotel_Review-g2510119-d8568436-Reviews-Kiveri_Apartments-Kiveri_Argolis_Region_Peloponnese.html"]}]}},"_links":{"self":[{"href":"https:\/\/www.kiveri-apartments.com\/de\/wp-json\/wp\/v2\/pages\/8677","targetHints":{"allow":["GET"]}}],"collection":[{"href":"https:\/\/www.kiveri-apartments.com\/de\/wp-json\/wp\/v2\/pages"}],"about":[{"href":"https:\/\/www.kiveri-apartments.com\/de\/wp-json\/wp\/v2\/types\/page"}],"author":[{"embeddable":true,"href":"https:\/\/www.kiveri-apartments.com\/de\/wp-json\/wp\/v2\/users\/1"}],"replies":[{"embeddable":true,"href":"https:\/\/www.kiveri-apartments.com\/de\/wp-json\/wp\/v2\/comments?post=8677"}],"version-history":[{"count":0,"href":"https:\/\/www.kiveri-apartments.com\/de\/wp-json\/wp\/v2\/pages\/8677\/revisions"}],"wp:featuredmedia":[{"embeddable":true,"href":"https:\/\/www.kiveri-apartments.com\/de\/wp-json\/wp\/v2\/media\/8678"}],"wp:attachment":[{"href":"https:\/\/www.kiveri-apartments.com\/de\/wp-json\/wp\/v2\/media?parent=8677"}],"curies":[{"name":"wp","href":"https:\/\/api.w.org\/{rel}","templated":true}]}}