{"id":8641,"date":"2021-03-18T19:47:04","date_gmt":"2021-03-18T17:47:04","guid":{"rendered":"https:\/\/www.kiveri-apartments.com\/?page_id=8641"},"modified":"2021-09-26T18:07:09","modified_gmt":"2021-09-26T16:07:09","slug":"lemon-tree","status":"publish","type":"page","link":"https:\/\/www.kiveri-apartments.com\/de\/apartments\/lemon-tree\/","title":{"rendered":"Lemon Tree Apartment"},"content":{"rendered":"<div class=\"wpb-content-wrapper\"><p>[vc_row css=&#8221;.vc_custom_1632672427729{padding-top: 12% !important;}&#8221;][vc_column][vc_column_text]<\/p>\n<p style=\"text-align: center;\">[URIS id=4915]<\/p>\n<p>[\/vc_column_text][\/vc_column][\/vc_row][vc_row][vc_column][vc_text_separator title=&#8221;<strong>Andere Apartments<\/strong>&#8221; color=&#8221;custom&#8221; accent_color=&#8221;#bf9958&#8243;][\/vc_column][\/vc_row][vc_row][vc_column width=&#8221;1\/4&#8243;][vc_column_text]<\/p>\n<h6 style=\"text-align: center;\"><strong>Cherry Tree Apartment<\/strong><\/h6>\n<p>[\/vc_column_text][vc_single_image image=&#8221;6364&#8243; img_size=&#8221;large&#8221; alignment=&#8221;center&#8221; onclick=&#8221;custom_link&#8221; link=&#8221;https:\/\/www.kiveri-apartments.com\/de\/cherry-tree&#8221;][vc_btn title=&#8221;<strong>Bilder des Apartments<\/strong>&#8221; style=&#8221;custom&#8221; custom_background=&#8221;#bf9958&#8243; custom_text=&#8221;#ffffff&#8221; size=&#8221;xs&#8221; align=&#8221;center&#8221; i_icon_fontawesome=&#8221;&#8221; add_icon=&#8221;true&#8221; link=&#8221;url:https%3A%2F%2Fwww.kiveri-apartments.com%2Fde%2Fapartments%2Fcherry-tree%2F|title:Cherry%20Tree%20Apartment&#8221;][vc_column_text]<\/p>\n<p style=\"text-align: center;\"><strong>Schlafzimmer:<\/strong> 2<br \/>\n<strong>Kapazit\u00e4t:<\/strong> 5 personen<br \/>\n<strong>Gr\u00f6\u00dfe:<\/strong> 75qm<br \/>\n<strong>Ansehen:<\/strong> Meer-Strand<br \/>\n<strong>Stock:<\/strong> 3.<\/p>\n<p>[\/vc_column_text][\/vc_column][vc_column width=&#8221;1\/4&#8243;][vc_column_text]<\/p>\n<h6 style=\"text-align: center;\"><strong>Orange\u00a0Tree Apartment<\/strong><\/h6>\n<p>[\/vc_column_text][vc_single_image image=&#8221;6503&#8243; img_size=&#8221;large&#8221; alignment=&#8221;center&#8221; onclick=&#8221;custom_link&#8221; link=&#8221;https:\/\/www.kiveri-apartments.com\/de\/orange-tree&#8221;][vc_btn title=&#8221;<strong>Bilder des Apartments<\/strong>&#8221; style=&#8221;custom&#8221; custom_background=&#8221;#bf9958&#8243; custom_text=&#8221;#ffffff&#8221; size=&#8221;xs&#8221; align=&#8221;center&#8221; i_icon_fontawesome=&#8221;&#8221; add_icon=&#8221;true&#8221; link=&#8221;url:https%3A%2F%2Fwww.kiveri-apartments.com%2Fde%2Fapartments%2Forange-tree%2F|title:Orange%20Tree%20Apartment&#8221;][vc_column_text]<\/p>\n<p style=\"text-align: center;\"><strong>Schlafzimmer:<\/strong> 2<br \/>\n<strong>Kapazit\u00e4t:<\/strong> 5 personen<br \/>\n<strong>Gr\u00f6\u00dfe:<\/strong> 75qm<br \/>\n<strong>Ansehen:<\/strong> Meer-Strand<br \/>\n<strong>Stock:<\/strong> 2.<\/p>\n<p>[\/vc_column_text][\/vc_column][vc_column width=&#8221;1\/4&#8243;][vc_column_text]<\/p>\n<h6 style=\"text-align: center;\"><strong>Olive\u00a0Tree Apartment<\/strong><\/h6>\n<p>[\/vc_column_text][vc_single_image image=&#8221;6474&#8243; img_size=&#8221;large&#8221; alignment=&#8221;center&#8221; onclick=&#8221;custom_link&#8221; link=&#8221;https:\/\/www.kiveri-apartments.com\/de\/olive-tree&#8221;][vc_btn title=&#8221;<strong>Bilder des Apartments<\/strong>&#8221; style=&#8221;custom&#8221; custom_background=&#8221;#bf9958&#8243; custom_text=&#8221;#ffffff&#8221; size=&#8221;xs&#8221; align=&#8221;center&#8221; i_icon_fontawesome=&#8221;&#8221; add_icon=&#8221;true&#8221; link=&#8221;url:https%3A%2F%2Fwww.kiveri-apartments.com%2Fde%2Fapartments%2Folive-tree%2F|title:Olive%20Tree%20Apartment&#8221;][vc_column_text]<\/p>\n<p style=\"text-align: center;\"><strong>Schlafzimmer: 1<\/strong><br \/>\n<strong>Kapazit\u00e4t:<\/strong> 3 personen<br \/>\n<strong>Gr\u00f6\u00dfe:<\/strong> 40qm<br \/>\n<strong>Ansehen:<\/strong> Meer-Strand<br \/>\n<strong>Stock: <\/strong>1.<\/p>\n<p>[\/vc_column_text][\/vc_column][vc_column width=&#8221;1\/4&#8243;][vc_column_text]<\/p>\n<h6 style=\"text-align: center;\"><strong>Grape\u00a0Tree Apartment<\/strong><\/h6>\n<p>[\/vc_column_text][vc_single_image image=&#8221;6409&#8243; img_size=&#8221;large&#8221; alignment=&#8221;center&#8221; onclick=&#8221;custom_link&#8221; link=&#8221;https:\/\/www.kiveri-apartments.com\/de\/grape-tree&#8221;][vc_btn title=&#8221;<strong>Bilder des Apartments<\/strong>&#8221; style=&#8221;custom&#8221; custom_background=&#8221;#bf9958&#8243; custom_text=&#8221;#ffffff&#8221; size=&#8221;xs&#8221; align=&#8221;center&#8221; i_icon_fontawesome=&#8221;&#8221; add_icon=&#8221;true&#8221; link=&#8221;url:https%3A%2F%2Fwww.kiveri-apartments.com%2Fde%2Fapartments%2Fgrape-tree%2F|title:Grape%20Tree%20Apartment&#8221;][vc_column_text]<\/p>\n<p style=\"text-align: center;\"><strong>Schlafzimmer:<\/strong> 1<br \/>\n<strong>Kapazit\u00e4t:<\/strong> 3 personen<br \/>\n<strong>Gr\u00f6\u00dfe:<\/strong> 40qm<br \/>\n<strong>Ansehen:<\/strong> Meer-Strand<br \/>\n<strong>Stock:<\/strong> 1.<\/p>\n<p>[\/vc_column_text][\/vc_column][\/vc_row]<\/p>\n<\/div>","protected":false},"excerpt":{"rendered":"<p>[vc_row css=&#8221;.vc_custom_1632672427729{padding-top: 12% !important;}&#8221;][vc_column][vc_column_text] [URIS id=4915] [\/vc_column_text][\/vc_column][\/vc_row][vc_row][vc_column][vc_text_separator title=&#8221;Andere Apartments&#8221; color=&#8221;custom&#8221; accent_color=&#8221;#bf9958&#8243;][\/vc_column][\/vc_row][vc_row][vc_column width=&#8221;1\/4&#8243;][vc_column_text] Cherry Tree Apartment [\/vc_column_text][vc_single_image image=&#8221;6364&#8243; img_size=&#8221;large&#8221; alignment=&#8221;center&#8221; onclick=&#8221;custom_link&#8221; link=&#8221;https:\/\/www.kiveri-apartments.com\/de\/cherry-tree&#8221;][vc_btn title=&#8221;Bilder des Apartments&#8221; style=&#8221;custom&#8221; custom_background=&#8221;#bf9958&#8243; custom_text=&#8221;#ffffff&#8221; size=&#8221;xs&#8221; align=&#8221;center&#8221; i_icon_fontawesome=&#8221;&#8221; add_icon=&#8221;true&#8221; link=&#8221;url:https%3A%2F%2Fwww.kiveri-apartments.com%2Fde%2Fapartments%2Fcherry-tree%2F|title:Cherry%20Tree%20Apartment&#8221;][vc_column_text] Schlafzimmer: 2 Kapazit\u00e4t: 5 personen Gr\u00f6\u00dfe: 75qm Ansehen: Meer-Strand Stock: 3. [\/vc_column_text][\/vc_column][vc_column width=&#8221;1\/4&#8243;][vc_column_text] Orange\u00a0Tree Apartment [\/vc_column_text][vc_single_image image=&#8221;6503&#8243; img_size=&#8221;large&#8221; alignment=&#8221;center&#8221; onclick=&#8221;custom_link&#8221; link=&#8221;https:\/\/www.kiveri-apartments.com\/de\/orange-tree&#8221;][vc_btn title=&#8221;Bilder des<\/p>\n<a href=\"https:\/\/www.kiveri-apartments.com\/de\/apartments\/lemon-tree\/\" class=\"sohohotel-more-link\">Read More<\/a>","protected":false},"author":1,"featured_media":8642,"parent":8638,"menu_order":1,"comment_status":"closed","ping_status":"closed","template":"","meta":{"footnotes":""},"class_list":["post-8641","page","type-page","status-publish","has-post-thumbnail","hentry"],"yoast_head":"<!-- This site is optimized with the Yoast SEO plugin v27.6 - https:\/\/yoast.com\/product\/yoast-seo-wordpress\/ -->\n<title>Lemon Tree Apartment - Kiveri Apartments<\/title>\n<meta name=\"description\" content=\"75 m\u00b2, 2 Schlafzimmern, Meerblick, Eigenes Badezimmer, Kostenfreies WLAN, Sitzbereich, einen Balkon mit Meerblick, Backofen, K\u00fchlschrank ,Wasserkocher\" \/>\n<meta name=\"robots\" content=\"noindex, nofollow\" \/>\n<meta property=\"og:locale\" content=\"de_DE\" \/>\n<meta property=\"og:type\" content=\"article\" \/>\n<meta property=\"og:title\" content=\"Lemon Tree Apartment - Kiveri Apartments\" \/>\n<meta property=\"og:description\" content=\"75 m\u00b2, 2 Schlafzimmern, Meerblick, Eigenes Badezimmer, Kostenfreies WLAN, Sitzbereich, einen Balkon mit Meerblick, Backofen, K\u00fchlschrank ,Wasserkocher\" \/>\n<meta property=\"og:url\" content=\"https:\/\/www.kiveri-apartments.com\/de\/apartments\/lemon-tree\/\" \/>\n<meta property=\"og:site_name\" content=\"Kiveri Apartments\" \/>\n<meta property=\"article:publisher\" content=\"https:\/\/www.facebook.com\/KiveriApartments\" \/>\n<meta property=\"article:modified_time\" content=\"2021-09-26T16:07:09+00:00\" \/>\n<meta property=\"og:image\" content=\"https:\/\/www.kiveri-apartments.com\/wordpress\/wp-content\/uploads\/2018\/11\/Lemon-Tree-Kiveri-Apartments-3.jpg\" \/>\n\t<meta property=\"og:image:width\" content=\"1024\" \/>\n\t<meta property=\"og:image:height\" content=\"682\" \/>\n\t<meta property=\"og:image:type\" content=\"image\/jpeg\" \/>\n<meta name=\"twitter:card\" content=\"summary_large_image\" \/>\n<meta name=\"twitter:label1\" content=\"Est. reading time\" \/>\n\t<meta name=\"twitter:data1\" content=\"1 minute\" \/>\n<script type=\"application\/ld+json\" class=\"yoast-schema-graph\">{\"@context\":\"https:\\\/\\\/schema.org\",\"@graph\":[{\"@type\":\"WebPage\",\"@id\":\"https:\\\/\\\/www.kiveri-apartments.com\\\/de\\\/apartments\\\/lemon-tree\\\/\",\"url\":\"https:\\\/\\\/www.kiveri-apartments.com\\\/de\\\/apartments\\\/lemon-tree\\\/\",\"name\":\"Lemon Tree Apartment - Kiveri Apartments\",\"isPartOf\":{\"@id\":\"https:\\\/\\\/www.kiveri-apartments.com\\\/de\\\/#website\"},\"primaryImageOfPage\":{\"@id\":\"https:\\\/\\\/www.kiveri-apartments.com\\\/de\\\/apartments\\\/lemon-tree\\\/#primaryimage\"},\"image\":{\"@id\":\"https:\\\/\\\/www.kiveri-apartments.com\\\/de\\\/apartments\\\/lemon-tree\\\/#primaryimage\"},\"thumbnailUrl\":\"https:\\\/\\\/www.kiveri-apartments.com\\\/wordpress\\\/wp-content\\\/uploads\\\/2018\\\/11\\\/Lemon-Tree-Kiveri-Apartments-3.jpg\",\"datePublished\":\"2021-03-18T17:47:04+00:00\",\"dateModified\":\"2021-09-26T16:07:09+00:00\",\"description\":\"75 m\u00b2, 2 Schlafzimmern, Meerblick, Eigenes Badezimmer, Kostenfreies WLAN, Sitzbereich, einen Balkon mit Meerblick, Backofen, K\u00fchlschrank ,Wasserkocher\",\"breadcrumb\":{\"@id\":\"https:\\\/\\\/www.kiveri-apartments.com\\\/de\\\/apartments\\\/lemon-tree\\\/#breadcrumb\"},\"inLanguage\":\"de-DE\",\"potentialAction\":[{\"@type\":\"ReadAction\",\"target\":[\"https:\\\/\\\/www.kiveri-apartments.com\\\/de\\\/apartments\\\/lemon-tree\\\/\"]}]},{\"@type\":\"ImageObject\",\"inLanguage\":\"de-DE\",\"@id\":\"https:\\\/\\\/www.kiveri-apartments.com\\\/de\\\/apartments\\\/lemon-tree\\\/#primaryimage\",\"url\":\"https:\\\/\\\/www.kiveri-apartments.com\\\/wordpress\\\/wp-content\\\/uploads\\\/2018\\\/11\\\/Lemon-Tree-Kiveri-Apartments-3.jpg\",\"contentUrl\":\"https:\\\/\\\/www.kiveri-apartments.com\\\/wordpress\\\/wp-content\\\/uploads\\\/2018\\\/11\\\/Lemon-Tree-Kiveri-Apartments-3.jpg\",\"width\":1024,\"height\":682,\"caption\":\"Lemon Tree\u00a0Apartment \u0394\u03b9\u03b1\u03bc\u03ad\u03c1\u03b9\u03c3\u03bc\u03b1 Lemon Tree\"},{\"@type\":\"BreadcrumbList\",\"@id\":\"https:\\\/\\\/www.kiveri-apartments.com\\\/de\\\/apartments\\\/lemon-tree\\\/#breadcrumb\",\"itemListElement\":[{\"@type\":\"ListItem\",\"position\":1,\"name\":\"Home\",\"item\":\"https:\\\/\\\/www.kiveri-apartments.com\\\/de\\\/\"},{\"@type\":\"ListItem\",\"position\":2,\"name\":\"Kiveri Apartments | Wohnungen | Preise | Verf\u00fcgbarkeit\",\"item\":\"https:\\\/\\\/www.kiveri-apartments.com\\\/de\\\/apartments\\\/\"},{\"@type\":\"ListItem\",\"position\":3,\"name\":\"Lemon Tree Apartment\"}]},{\"@type\":\"WebSite\",\"@id\":\"https:\\\/\\\/www.kiveri-apartments.com\\\/de\\\/#website\",\"url\":\"https:\\\/\\\/www.kiveri-apartments.com\\\/de\\\/\",\"name\":\"Kiveri Apartments\",\"description\":\"Vacation Rentals Kiveri Argolida Greece Peloponnese\",\"publisher\":{\"@id\":\"https:\\\/\\\/www.kiveri-apartments.com\\\/de\\\/#organization\"},\"potentialAction\":[{\"@type\":\"SearchAction\",\"target\":{\"@type\":\"EntryPoint\",\"urlTemplate\":\"https:\\\/\\\/www.kiveri-apartments.com\\\/de\\\/?s={search_term_string}\"},\"query-input\":{\"@type\":\"PropertyValueSpecification\",\"valueRequired\":true,\"valueName\":\"search_term_string\"}}],\"inLanguage\":\"de-DE\"},{\"@type\":\"Organization\",\"@id\":\"https:\\\/\\\/www.kiveri-apartments.com\\\/de\\\/#organization\",\"name\":\"Kiveri Apartments\",\"url\":\"https:\\\/\\\/www.kiveri-apartments.com\\\/de\\\/\",\"logo\":{\"@type\":\"ImageObject\",\"inLanguage\":\"de-DE\",\"@id\":\"https:\\\/\\\/www.kiveri-apartments.com\\\/de\\\/#\\\/schema\\\/logo\\\/image\\\/\",\"url\":\"https:\\\/\\\/www.kiveri-apartments.com\\\/wordpress\\\/wp-content\\\/uploads\\\/2018\\\/09\\\/rsz_img_20180807_132619.jpg\",\"contentUrl\":\"https:\\\/\\\/www.kiveri-apartments.com\\\/wordpress\\\/wp-content\\\/uploads\\\/2018\\\/09\\\/rsz_img_20180807_132619.jpg\",\"width\":800,\"height\":600,\"caption\":\"Kiveri Apartments\"},\"image\":{\"@id\":\"https:\\\/\\\/www.kiveri-apartments.com\\\/de\\\/#\\\/schema\\\/logo\\\/image\\\/\"},\"sameAs\":[\"https:\\\/\\\/www.facebook.com\\\/KiveriApartments\",\"https:\\\/\\\/www.instagram.com\\\/Kiveri_Apartments\",\"https:\\\/\\\/www.youtube.com\\\/watch?v=FTIxP6mRCO8\",\"https:\\\/\\\/www.tripadvisor.com\\\/Hotel_Review-g2510119-d8568436-Reviews-Kiveri_Apartments-Kiveri_Argolis_Region_Peloponnese.html\"]}]}<\/script>\n<!-- \/ Yoast SEO plugin. -->","yoast_head_json":{"title":"Lemon Tree Apartment - Kiveri Apartments","description":"75 m\u00b2, 2 Schlafzimmern, Meerblick, Eigenes Badezimmer, Kostenfreies WLAN, Sitzbereich, einen Balkon mit Meerblick, Backofen, K\u00fchlschrank ,Wasserkocher","robots":{"index":"noindex","follow":"nofollow"},"og_locale":"de_DE","og_type":"article","og_title":"Lemon Tree Apartment - Kiveri Apartments","og_description":"75 m\u00b2, 2 Schlafzimmern, Meerblick, Eigenes Badezimmer, Kostenfreies WLAN, Sitzbereich, einen Balkon mit Meerblick, Backofen, K\u00fchlschrank ,Wasserkocher","og_url":"https:\/\/www.kiveri-apartments.com\/de\/apartments\/lemon-tree\/","og_site_name":"Kiveri Apartments","article_publisher":"https:\/\/www.facebook.com\/KiveriApartments","article_modified_time":"2021-09-26T16:07:09+00:00","og_image":[{"width":1024,"height":682,"url":"https:\/\/www.kiveri-apartments.com\/wordpress\/wp-content\/uploads\/2018\/11\/Lemon-Tree-Kiveri-Apartments-3.jpg","type":"image\/jpeg"}],"twitter_card":"summary_large_image","twitter_misc":{"Est. reading time":"1 minute"},"schema":{"@context":"https:\/\/schema.org","@graph":[{"@type":"WebPage","@id":"https:\/\/www.kiveri-apartments.com\/de\/apartments\/lemon-tree\/","url":"https:\/\/www.kiveri-apartments.com\/de\/apartments\/lemon-tree\/","name":"Lemon Tree Apartment - Kiveri Apartments","isPartOf":{"@id":"https:\/\/www.kiveri-apartments.com\/de\/#website"},"primaryImageOfPage":{"@id":"https:\/\/www.kiveri-apartments.com\/de\/apartments\/lemon-tree\/#primaryimage"},"image":{"@id":"https:\/\/www.kiveri-apartments.com\/de\/apartments\/lemon-tree\/#primaryimage"},"thumbnailUrl":"https:\/\/www.kiveri-apartments.com\/wordpress\/wp-content\/uploads\/2018\/11\/Lemon-Tree-Kiveri-Apartments-3.jpg","datePublished":"2021-03-18T17:47:04+00:00","dateModified":"2021-09-26T16:07:09+00:00","description":"75 m\u00b2, 2 Schlafzimmern, Meerblick, Eigenes Badezimmer, Kostenfreies WLAN, Sitzbereich, einen Balkon mit Meerblick, Backofen, K\u00fchlschrank ,Wasserkocher","breadcrumb":{"@id":"https:\/\/www.kiveri-apartments.com\/de\/apartments\/lemon-tree\/#breadcrumb"},"inLanguage":"de-DE","potentialAction":[{"@type":"ReadAction","target":["https:\/\/www.kiveri-apartments.com\/de\/apartments\/lemon-tree\/"]}]},{"@type":"ImageObject","inLanguage":"de-DE","@id":"https:\/\/www.kiveri-apartments.com\/de\/apartments\/lemon-tree\/#primaryimage","url":"https:\/\/www.kiveri-apartments.com\/wordpress\/wp-content\/uploads\/2018\/11\/Lemon-Tree-Kiveri-Apartments-3.jpg","contentUrl":"https:\/\/www.kiveri-apartments.com\/wordpress\/wp-content\/uploads\/2018\/11\/Lemon-Tree-Kiveri-Apartments-3.jpg","width":1024,"height":682,"caption":"Lemon Tree\u00a0Apartment \u0394\u03b9\u03b1\u03bc\u03ad\u03c1\u03b9\u03c3\u03bc\u03b1 Lemon Tree"},{"@type":"BreadcrumbList","@id":"https:\/\/www.kiveri-apartments.com\/de\/apartments\/lemon-tree\/#breadcrumb","itemListElement":[{"@type":"ListItem","position":1,"name":"Home","item":"https:\/\/www.kiveri-apartments.com\/de\/"},{"@type":"ListItem","position":2,"name":"Kiveri Apartments | Wohnungen | Preise | Verf\u00fcgbarkeit","item":"https:\/\/www.kiveri-apartments.com\/de\/apartments\/"},{"@type":"ListItem","position":3,"name":"Lemon Tree Apartment"}]},{"@type":"WebSite","@id":"https:\/\/www.kiveri-apartments.com\/de\/#website","url":"https:\/\/www.kiveri-apartments.com\/de\/","name":"Kiveri Apartments","description":"Vacation Rentals Kiveri Argolida Greece Peloponnese","publisher":{"@id":"https:\/\/www.kiveri-apartments.com\/de\/#organization"},"potentialAction":[{"@type":"SearchAction","target":{"@type":"EntryPoint","urlTemplate":"https:\/\/www.kiveri-apartments.com\/de\/?s={search_term_string}"},"query-input":{"@type":"PropertyValueSpecification","valueRequired":true,"valueName":"search_term_string"}}],"inLanguage":"de-DE"},{"@type":"Organization","@id":"https:\/\/www.kiveri-apartments.com\/de\/#organization","name":"Kiveri Apartments","url":"https:\/\/www.kiveri-apartments.com\/de\/","logo":{"@type":"ImageObject","inLanguage":"de-DE","@id":"https:\/\/www.kiveri-apartments.com\/de\/#\/schema\/logo\/image\/","url":"https:\/\/www.kiveri-apartments.com\/wordpress\/wp-content\/uploads\/2018\/09\/rsz_img_20180807_132619.jpg","contentUrl":"https:\/\/www.kiveri-apartments.com\/wordpress\/wp-content\/uploads\/2018\/09\/rsz_img_20180807_132619.jpg","width":800,"height":600,"caption":"Kiveri Apartments"},"image":{"@id":"https:\/\/www.kiveri-apartments.com\/de\/#\/schema\/logo\/image\/"},"sameAs":["https:\/\/www.facebook.com\/KiveriApartments","https:\/\/www.instagram.com\/Kiveri_Apartments","https:\/\/www.youtube.com\/watch?v=FTIxP6mRCO8","https:\/\/www.tripadvisor.com\/Hotel_Review-g2510119-d8568436-Reviews-Kiveri_Apartments-Kiveri_Argolis_Region_Peloponnese.html"]}]}},"_links":{"self":[{"href":"https:\/\/www.kiveri-apartments.com\/de\/wp-json\/wp\/v2\/pages\/8641","targetHints":{"allow":["GET"]}}],"collection":[{"href":"https:\/\/www.kiveri-apartments.com\/de\/wp-json\/wp\/v2\/pages"}],"about":[{"href":"https:\/\/www.kiveri-apartments.com\/de\/wp-json\/wp\/v2\/types\/page"}],"author":[{"embeddable":true,"href":"https:\/\/www.kiveri-apartments.com\/de\/wp-json\/wp\/v2\/users\/1"}],"replies":[{"embeddable":true,"href":"https:\/\/www.kiveri-apartments.com\/de\/wp-json\/wp\/v2\/comments?post=8641"}],"version-history":[{"count":0,"href":"https:\/\/www.kiveri-apartments.com\/de\/wp-json\/wp\/v2\/pages\/8641\/revisions"}],"up":[{"embeddable":true,"href":"https:\/\/www.kiveri-apartments.com\/de\/wp-json\/wp\/v2\/pages\/8638"}],"wp:featuredmedia":[{"embeddable":true,"href":"https:\/\/www.kiveri-apartments.com\/de\/wp-json\/wp\/v2\/media\/8642"}],"wp:attachment":[{"href":"https:\/\/www.kiveri-apartments.com\/de\/wp-json\/wp\/v2\/media?parent=8641"}],"curies":[{"name":"wp","href":"https:\/\/api.w.org\/{rel}","templated":true}]}}