{"id":8571,"date":"2021-03-18T15:45:04","date_gmt":"2021-03-18T13:45:04","guid":{"rendered":"https:\/\/www.kiveri-apartments.com\/?page_id=8571"},"modified":"2025-01-06T17:05:18","modified_gmt":"2025-01-06T15:05:18","slug":"kiveri-peloponnes-griechenland-apartments-am-strand","status":"publish","type":"page","link":"https:\/\/www.kiveri-apartments.com\/de\/","title":{"rendered":"Kiveri | Peloponnes Griechenland | Apartments am Strand"},"content":{"rendered":"<div class=\"wpb-content-wrapper\"><p>[vc_row type=&#8221;full_width_section&#8221; top_padding=&#8221;0&#8243; bottom_padding=&#8221;-30&#8243; top_margin=&#8221;0&#8243; bottom_margin=&#8221;-30&#8243;][vc_column css=&#8221;.vc_custom_1563787177752{margin-top: -10% !important;}&#8221;][rev_slider_vc alias=&#8221;german&#8221;][vc_empty_space height=&#8221;1px&#8221;][\/vc_column][\/vc_row][vc_row content_placement=&#8221;middle&#8221;][vc_column width=&#8221;1\/2&#8243;][vc_text_separator title=&#8221;<strong>Apartments mit 2 Schlafzimmern <\/strong>&#8221; color=&#8221;custom&#8221; border_width=&#8221;3&#8243; css=&#8221;.vc_custom_1580501962179{background-position: 0 0 !important;background-repeat: repeat !important;}&#8221; accent_color=&#8221;#bf9958&#8243;][vc_column_text]<\/p>\n<h6 style=\"text-align: center;\"><a href=\"https:\/\/www.kiveri-apartments.com\/de\/apartments\/orange-tree\/\"><strong>Orange Tree Apartment<\/strong><\/a><\/h6>\n<p>[\/vc_column_text][vc_single_image image=&#8221;8648&#8243; img_size=&#8221;large&#8221; alignment=&#8221;center&#8221; onclick=&#8221;custom_link&#8221; link=&#8221;https:\/\/www.kiveri-apartments.com\/de\/apartments\/orange-tree\/&#8221;][vc_btn title=&#8221;<strong>Bilder des Apartments<\/strong>&#8221; style=&#8221;custom&#8221; custom_background=&#8221;#bf9958&#8243; custom_text=&#8221;#ffffff&#8221; size=&#8221;xs&#8221; align=&#8221;center&#8221; i_icon_fontawesome=&#8221;&#8221; add_icon=&#8221;true&#8221; link=&#8221;url:https%3A%2F%2Fwww.kiveri-apartments.com%2Fde%2Fapartments%2Forange-tree%2F|title:Orange%20Tree%20Apartment&#8221;][vc_column_text]<\/p>\n<p style=\"text-align: center;\"><strong>Schlafzimmer:<\/strong> 2<br \/>\n<strong>Kapazit\u00e4t:<\/strong> 5 personen<br \/>\n<strong>Gr\u00f6\u00dfe:<\/strong> 75qm<br \/>\n<strong>Ansehen:<\/strong> Meer-Strand<br \/>\n<strong>Stock: <\/strong>2.<\/p>\n<p>[\/vc_column_text][\/vc_column][vc_column width=&#8221;1\/2&#8243;][vc_text_separator title=&#8221;<strong>Apartment mit 1 Schlafzimmer <\/strong>&#8221; color=&#8221;custom&#8221; border_width=&#8221;3&#8243; accent_color=&#8221;#bf9958&#8243;][vc_column_text]<\/p>\n<h6 style=\"text-align: center;\"><a href=\"https:\/\/www.kiveri-apartments.com\/de\/apartments\/grape-tree\/\"><strong>Grape Tree Apartment<\/strong><\/a><\/h6>\n<p>[\/vc_column_text][vc_single_image image=&#8221;8654&#8243; img_size=&#8221;large&#8221; alignment=&#8221;center&#8221; onclick=&#8221;custom_link&#8221; link=&#8221;https:\/\/www.kiveri-apartments.com\/de\/apartments\/grape-tree\/&#8221;][vc_btn title=&#8221;<strong>Bilder des Apartments<\/strong>&#8221; style=&#8221;custom&#8221; custom_background=&#8221;#bf9958&#8243; custom_text=&#8221;#ffffff&#8221; size=&#8221;xs&#8221; align=&#8221;center&#8221; i_icon_fontawesome=&#8221;&#8221; add_icon=&#8221;true&#8221; link=&#8221;url:https%3A%2F%2Fwww.kiveri-apartments.com%2Fde%2Fapartments%2Fgrape-tree%2F|title:Grape%20Tree%20Apartment&#8221;][vc_column_text]<\/p>\n<p style=\"text-align: center;\"><strong>Schlafzimmer:<\/strong> 1<br \/>\n<strong>Kapazit\u00e4t:<\/strong> 3 personen<br \/>\n<strong>Gr\u00f6\u00dfe:<\/strong> 40qm<br \/>\n<strong>Ansehen:<\/strong> Meer-Strand<br \/>\n<strong>Stock: <\/strong>1.<\/p>\n<p>[\/vc_column_text][\/vc_column][\/vc_row][vc_row][vc_column][vc_text_separator title=&#8221;<strong>Drone Video<\/strong>&#8221; color=&#8221;custom&#8221; accent_color=&#8221;#bf9958&#8243;][vc_video link=&#8221;https:\/\/youtu.be\/HUm7XsyFu4M&#8221; el_width=&#8221;80&#8243; align=&#8221;center&#8221;][\/vc_column][\/vc_row][vc_row content_placement=&#8221;top&#8221; fixed_width=&#8221;true&#8221; top_margin=&#8221;-25&#8243; bottom_margin=&#8221;-15&#8243;][vc_column width=&#8221;1\/2&#8243;][vc_raw_html]JTNDaDMlMjBzdHlsZSUzRCUyMnRleHQtYWxpZ24lM0ElMjBjZW50ZXIlM0IlMjIlM0UlMEElM0NpZnJhbWUlMjBzcmMlM0QlMjJodHRwcyUzQSUyRiUyRmtpdmVyaS1hcGFydG1lbnRzLnJlc2VydmUtb25saW5lLm5ldCUyRndpZGdldHMlMkZlbWJlZCUyRiUzRmxhbmclM0RkZV9ERSUyNmFtcCUzQm5vcGF4JTI2YW1wJTNCbm9yb29tcyUyMiUyMHdpZHRoJTNEJTIyZnVsbCUyMiUyMGhlaWdodCUzRCUyMjIxNiUyMiUyMGFsbG93ZnVsbHNjcmVlbiUzRCUyMmFsbG93ZnVsbHNjcmVlbiUyMiUzRSUwQSUzQyUyRmlmcmFtZSUzRSUzQyUyRmgzJTNF[\/vc_raw_html][\/vc_column][vc_column width=&#8221;1\/2&#8243;]<ul class=\"sohohotel-contact-details-list\"><li class=\"sohohotel-phone clearfix\"><a href=\"tel:+306944412627(Viber-WhatsApp)\">+30 6944412627 (Viber - WhatsApp)<\/a><\/li><li class=\"sohohotel-email clearfix\"><a href=\"mailto:info@kiveri-apartments.com\">info@kiveri-apartments.com<\/a><\/li><\/ul><div class=\"sohohotel-social-links sohohotel-clearfix\"><a href=\"https:\/\/www.facebook.com\/KiveriApartments\/\" target=\"_blank\"><i class=\"fab fa-facebook-f\"><\/i><\/a><a href=\"https:\/\/www.instagram.com\/kiveri_apartments\/\" target=\"_blank\"><i class=\"fab fa-instagram\"><\/i><\/a><a href=\"https:\/\/www.youtube.com\/channel\/UCZISQm4Z4Slh5SjLr-mLaHA\" target=\"_blank\"><i class=\"fab fa-youtube\"><\/i><\/a><a href=\"https:\/\/www.tripadvisor.com\/Hotel_Review-g2510119-d8568436-Reviews-Kiveri_Apartments-Kiveri_Argolis_Region_Peloponnese.html\" target=\"_blank\"><i class=\"fab fa-tripadvisor\"><\/i><\/a><\/div>[\/vc_column][\/vc_row]<\/p>\n<\/div>","protected":false},"excerpt":{"rendered":"<p>[vc_row type=&#8221;full_width_section&#8221; top_padding=&#8221;0&#8243; bottom_padding=&#8221;-30&#8243; top_margin=&#8221;0&#8243; bottom_margin=&#8221;-30&#8243;][vc_column css=&#8221;.vc_custom_1563787177752{margin-top: -10% !important;}&#8221;][rev_slider_vc alias=&#8221;german&#8221;][vc_empty_space height=&#8221;1px&#8221;][\/vc_column][\/vc_row][vc_row content_placement=&#8221;middle&#8221;][vc_column width=&#8221;1\/2&#8243;][vc_text_separator title=&#8221;Apartments mit 2 Schlafzimmern &#8221; color=&#8221;custom&#8221; border_width=&#8221;3&#8243; css=&#8221;.vc_custom_1580501962179{background-position: 0 0 !important;background-repeat: repeat !important;}&#8221; accent_color=&#8221;#bf9958&#8243;][vc_column_text] Orange Tree Apartment [\/vc_column_text][vc_single_image image=&#8221;8648&#8243; img_size=&#8221;large&#8221; alignment=&#8221;center&#8221; onclick=&#8221;custom_link&#8221; link=&#8221;https:\/\/www.kiveri-apartments.com\/de\/apartments\/orange-tree\/&#8221;][vc_btn title=&#8221;Bilder des Apartments&#8221; style=&#8221;custom&#8221; custom_background=&#8221;#bf9958&#8243; custom_text=&#8221;#ffffff&#8221; size=&#8221;xs&#8221; align=&#8221;center&#8221; i_icon_fontawesome=&#8221;&#8221; add_icon=&#8221;true&#8221; link=&#8221;url:https%3A%2F%2Fwww.kiveri-apartments.com%2Fde%2Fapartments%2Forange-tree%2F|title:Orange%20Tree%20Apartment&#8221;][vc_column_text] Schlafzimmer: 2 Kapazit\u00e4t: 5 personen Gr\u00f6\u00dfe: 75qm Ansehen:<\/p>\n<a href=\"https:\/\/www.kiveri-apartments.com\/de\/\" class=\"sohohotel-more-link\">Read More<\/a>","protected":false},"author":1,"featured_media":8573,"parent":0,"menu_order":0,"comment_status":"closed","ping_status":"closed","template":"","meta":{"footnotes":""},"class_list":["post-8571","page","type-page","status-publish","has-post-thumbnail","hentry"],"yoast_head":"<!-- This site is optimized with the Yoast SEO plugin v27.6 - https:\/\/yoast.com\/product\/yoast-seo-wordpress\/ -->\n<title>Kiveri | Peloponnes Griechenland | Apartments am Strand - Kiveri Apartments<\/title>\n<meta name=\"description\" content=\"Urlaub | Kiveri Apartments | Peloponnes | Griechenland | direkt am Strand | Meerblick | Buchen Sie \u00fcber unsere Website | niedrigsten Preis | Ferienwohnung\" \/>\n<meta name=\"robots\" content=\"index, follow, max-snippet:-1, max-image-preview:large, max-video-preview:-1\" \/>\n<link rel=\"canonical\" href=\"https:\/\/www.kiveri-apartments.com\/de\/\" \/>\n<meta property=\"og:locale\" content=\"de_DE\" \/>\n<meta property=\"og:type\" content=\"article\" \/>\n<meta property=\"og:title\" content=\"Kiveri | Peloponnes Griechenland | Apartments am Strand - Kiveri Apartments\" \/>\n<meta property=\"og:description\" content=\"Urlaub | Kiveri Apartments | Peloponnes | Griechenland | direkt am Strand | Meerblick | Buchen Sie \u00fcber unsere Website | niedrigsten Preis | Ferienwohnung\" \/>\n<meta property=\"og:url\" content=\"https:\/\/www.kiveri-apartments.com\/de\/\" \/>\n<meta property=\"og:site_name\" content=\"Kiveri Apartments\" \/>\n<meta property=\"article:publisher\" content=\"https:\/\/www.facebook.com\/KiveriApartments\" \/>\n<meta property=\"article:modified_time\" content=\"2025-01-06T15:05:18+00:00\" \/>\n<meta property=\"og:image\" content=\"https:\/\/www.kiveri-apartments.com\/wordpress\/wp-content\/uploads\/2019\/09\/Kiveri-Apartments-Greece-Peloponnese-Argolis-\u039a\u03b9\u03b2\u03ad\u03c1\u03b9-\u0391\u03c1\u03b3\u03bf\u03bb\u03af\u03b4\u03b1-\u0395\u03bd\u03bf\u03b9\u03ba\u03b9\u03b1\u03b6\u03cc\u03bc\u03b5\u03bd\u03b1-\u0394\u03c9\u03bc\u03ac\u03c4\u03b9\u03b1.jpg\" \/>\n\t<meta property=\"og:image:width\" content=\"1400\" \/>\n\t<meta property=\"og:image:height\" content=\"786\" \/>\n\t<meta property=\"og:image:type\" content=\"image\/jpeg\" \/>\n<meta name=\"twitter:card\" content=\"summary_large_image\" \/>\n<meta name=\"twitter:label1\" content=\"Est. reading time\" \/>\n\t<meta name=\"twitter:data1\" content=\"1 minute\" \/>\n<script type=\"application\/ld+json\" class=\"yoast-schema-graph\">{\"@context\":\"https:\\\/\\\/schema.org\",\"@graph\":[{\"@type\":\"WebPage\",\"@id\":\"https:\\\/\\\/www.kiveri-apartments.com\\\/de\\\/\",\"url\":\"https:\\\/\\\/www.kiveri-apartments.com\\\/de\\\/\",\"name\":\"Kiveri | Peloponnes Griechenland | Apartments am Strand - Kiveri Apartments\",\"isPartOf\":{\"@id\":\"https:\\\/\\\/www.kiveri-apartments.com\\\/de\\\/#website\"},\"primaryImageOfPage\":{\"@id\":\"https:\\\/\\\/www.kiveri-apartments.com\\\/de\\\/#primaryimage\"},\"image\":{\"@id\":\"https:\\\/\\\/www.kiveri-apartments.com\\\/de\\\/#primaryimage\"},\"thumbnailUrl\":\"https:\\\/\\\/www.kiveri-apartments.com\\\/wordpress\\\/wp-content\\\/uploads\\\/2019\\\/09\\\/Kiveri-Apartments-Greece-Peloponnese-Argolis-\u039a\u03b9\u03b2\u03ad\u03c1\u03b9-\u0391\u03c1\u03b3\u03bf\u03bb\u03af\u03b4\u03b1-\u0395\u03bd\u03bf\u03b9\u03ba\u03b9\u03b1\u03b6\u03cc\u03bc\u03b5\u03bd\u03b1-\u0394\u03c9\u03bc\u03ac\u03c4\u03b9\u03b1.jpg\",\"datePublished\":\"2021-03-18T13:45:04+00:00\",\"dateModified\":\"2025-01-06T15:05:18+00:00\",\"description\":\"Urlaub | Kiveri Apartments | Peloponnes | Griechenland | direkt am Strand | Meerblick | Buchen Sie \u00fcber unsere Website | niedrigsten Preis | Ferienwohnung\",\"breadcrumb\":{\"@id\":\"https:\\\/\\\/www.kiveri-apartments.com\\\/de\\\/#breadcrumb\"},\"inLanguage\":\"de-DE\",\"potentialAction\":[{\"@type\":\"ReadAction\",\"target\":[\"https:\\\/\\\/www.kiveri-apartments.com\\\/de\\\/\"]}]},{\"@type\":\"ImageObject\",\"inLanguage\":\"de-DE\",\"@id\":\"https:\\\/\\\/www.kiveri-apartments.com\\\/de\\\/#primaryimage\",\"url\":\"https:\\\/\\\/www.kiveri-apartments.com\\\/wordpress\\\/wp-content\\\/uploads\\\/2019\\\/09\\\/Kiveri-Apartments-Greece-Peloponnese-Argolis-\u039a\u03b9\u03b2\u03ad\u03c1\u03b9-\u0391\u03c1\u03b3\u03bf\u03bb\u03af\u03b4\u03b1-\u0395\u03bd\u03bf\u03b9\u03ba\u03b9\u03b1\u03b6\u03cc\u03bc\u03b5\u03bd\u03b1-\u0394\u03c9\u03bc\u03ac\u03c4\u03b9\u03b1.jpg\",\"contentUrl\":\"https:\\\/\\\/www.kiveri-apartments.com\\\/wordpress\\\/wp-content\\\/uploads\\\/2019\\\/09\\\/Kiveri-Apartments-Greece-Peloponnese-Argolis-\u039a\u03b9\u03b2\u03ad\u03c1\u03b9-\u0391\u03c1\u03b3\u03bf\u03bb\u03af\u03b4\u03b1-\u0395\u03bd\u03bf\u03b9\u03ba\u03b9\u03b1\u03b6\u03cc\u03bc\u03b5\u03bd\u03b1-\u0394\u03c9\u03bc\u03ac\u03c4\u03b9\u03b1.jpg\",\"width\":1400,\"height\":786,\"caption\":\"Kiveri Apartments Greece Peloponnese Argolis \u039a\u03b9\u03b2\u03ad\u03c1\u03b9 \u0391\u03c1\u03b3\u03bf\u03bb\u03af\u03b4\u03b1 \u0395\u03bd\u03bf\u03b9\u03ba\u03b9\u03b1\u03b6\u03cc\u03bc\u03b5\u03bd\u03b1 \u0394\u03c9\u03bc\u03ac\u03c4\u03b9\u03b1 \u041f\u0435\u043b\u043e\u043f\u043e\u043d\u043d\u0435\u0441 - \u0413\u0440\u0435\u0446\u0438\u0438 - \u041a\u0438\u0432\u0435\u0440\u0438\u043e\u043d - \u041a\u0432\u0430\u0440\u0442\u0438\u0440\u044b \u0443 \u043c\u043e\u0440\u044f\"},{\"@type\":\"BreadcrumbList\",\"@id\":\"https:\\\/\\\/www.kiveri-apartments.com\\\/de\\\/#breadcrumb\",\"itemListElement\":[{\"@type\":\"ListItem\",\"position\":1,\"name\":\"Home\",\"item\":\"https:\\\/\\\/www.kiveri-apartments.com\\\/de\\\/\"},{\"@type\":\"ListItem\",\"position\":2,\"name\":\"Kiveri | Peloponnes Griechenland | Apartments am Strand\"}]},{\"@type\":\"WebSite\",\"@id\":\"https:\\\/\\\/www.kiveri-apartments.com\\\/de\\\/#website\",\"url\":\"https:\\\/\\\/www.kiveri-apartments.com\\\/de\\\/\",\"name\":\"Kiveri Apartments\",\"description\":\"Vacation Rentals Kiveri Argolida Greece Peloponnese\",\"publisher\":{\"@id\":\"https:\\\/\\\/www.kiveri-apartments.com\\\/de\\\/#organization\"},\"potentialAction\":[{\"@type\":\"SearchAction\",\"target\":{\"@type\":\"EntryPoint\",\"urlTemplate\":\"https:\\\/\\\/www.kiveri-apartments.com\\\/de\\\/?s={search_term_string}\"},\"query-input\":{\"@type\":\"PropertyValueSpecification\",\"valueRequired\":true,\"valueName\":\"search_term_string\"}}],\"inLanguage\":\"de-DE\"},{\"@type\":\"Organization\",\"@id\":\"https:\\\/\\\/www.kiveri-apartments.com\\\/de\\\/#organization\",\"name\":\"Kiveri Apartments\",\"url\":\"https:\\\/\\\/www.kiveri-apartments.com\\\/de\\\/\",\"logo\":{\"@type\":\"ImageObject\",\"inLanguage\":\"de-DE\",\"@id\":\"https:\\\/\\\/www.kiveri-apartments.com\\\/de\\\/#\\\/schema\\\/logo\\\/image\\\/\",\"url\":\"https:\\\/\\\/www.kiveri-apartments.com\\\/wordpress\\\/wp-content\\\/uploads\\\/2018\\\/09\\\/rsz_img_20180807_132619.jpg\",\"contentUrl\":\"https:\\\/\\\/www.kiveri-apartments.com\\\/wordpress\\\/wp-content\\\/uploads\\\/2018\\\/09\\\/rsz_img_20180807_132619.jpg\",\"width\":800,\"height\":600,\"caption\":\"Kiveri Apartments\"},\"image\":{\"@id\":\"https:\\\/\\\/www.kiveri-apartments.com\\\/de\\\/#\\\/schema\\\/logo\\\/image\\\/\"},\"sameAs\":[\"https:\\\/\\\/www.facebook.com\\\/KiveriApartments\",\"https:\\\/\\\/www.instagram.com\\\/Kiveri_Apartments\",\"https:\\\/\\\/www.youtube.com\\\/watch?v=FTIxP6mRCO8\",\"https:\\\/\\\/www.tripadvisor.com\\\/Hotel_Review-g2510119-d8568436-Reviews-Kiveri_Apartments-Kiveri_Argolis_Region_Peloponnese.html\"]}]}<\/script>\n<!-- \/ Yoast SEO plugin. -->","yoast_head_json":{"title":"Kiveri | Peloponnes Griechenland | Apartments am Strand - Kiveri Apartments","description":"Urlaub | Kiveri Apartments | Peloponnes | Griechenland | direkt am Strand | Meerblick | Buchen Sie \u00fcber unsere Website | niedrigsten Preis | Ferienwohnung","robots":{"index":"index","follow":"follow","max-snippet":"max-snippet:-1","max-image-preview":"max-image-preview:large","max-video-preview":"max-video-preview:-1"},"canonical":"https:\/\/www.kiveri-apartments.com\/de\/","og_locale":"de_DE","og_type":"article","og_title":"Kiveri | Peloponnes Griechenland | Apartments am Strand - Kiveri Apartments","og_description":"Urlaub | Kiveri Apartments | Peloponnes | Griechenland | direkt am Strand | Meerblick | Buchen Sie \u00fcber unsere Website | niedrigsten Preis | Ferienwohnung","og_url":"https:\/\/www.kiveri-apartments.com\/de\/","og_site_name":"Kiveri Apartments","article_publisher":"https:\/\/www.facebook.com\/KiveriApartments","article_modified_time":"2025-01-06T15:05:18+00:00","og_image":[{"width":1400,"height":786,"url":"https:\/\/www.kiveri-apartments.com\/wordpress\/wp-content\/uploads\/2019\/09\/Kiveri-Apartments-Greece-Peloponnese-Argolis-\u039a\u03b9\u03b2\u03ad\u03c1\u03b9-\u0391\u03c1\u03b3\u03bf\u03bb\u03af\u03b4\u03b1-\u0395\u03bd\u03bf\u03b9\u03ba\u03b9\u03b1\u03b6\u03cc\u03bc\u03b5\u03bd\u03b1-\u0394\u03c9\u03bc\u03ac\u03c4\u03b9\u03b1.jpg","type":"image\/jpeg"}],"twitter_card":"summary_large_image","twitter_misc":{"Est. reading time":"1 minute"},"schema":{"@context":"https:\/\/schema.org","@graph":[{"@type":"WebPage","@id":"https:\/\/www.kiveri-apartments.com\/de\/","url":"https:\/\/www.kiveri-apartments.com\/de\/","name":"Kiveri | Peloponnes Griechenland | Apartments am Strand - Kiveri Apartments","isPartOf":{"@id":"https:\/\/www.kiveri-apartments.com\/de\/#website"},"primaryImageOfPage":{"@id":"https:\/\/www.kiveri-apartments.com\/de\/#primaryimage"},"image":{"@id":"https:\/\/www.kiveri-apartments.com\/de\/#primaryimage"},"thumbnailUrl":"https:\/\/www.kiveri-apartments.com\/wordpress\/wp-content\/uploads\/2019\/09\/Kiveri-Apartments-Greece-Peloponnese-Argolis-\u039a\u03b9\u03b2\u03ad\u03c1\u03b9-\u0391\u03c1\u03b3\u03bf\u03bb\u03af\u03b4\u03b1-\u0395\u03bd\u03bf\u03b9\u03ba\u03b9\u03b1\u03b6\u03cc\u03bc\u03b5\u03bd\u03b1-\u0394\u03c9\u03bc\u03ac\u03c4\u03b9\u03b1.jpg","datePublished":"2021-03-18T13:45:04+00:00","dateModified":"2025-01-06T15:05:18+00:00","description":"Urlaub | Kiveri Apartments | Peloponnes | Griechenland | direkt am Strand | Meerblick | Buchen Sie \u00fcber unsere Website | niedrigsten Preis | Ferienwohnung","breadcrumb":{"@id":"https:\/\/www.kiveri-apartments.com\/de\/#breadcrumb"},"inLanguage":"de-DE","potentialAction":[{"@type":"ReadAction","target":["https:\/\/www.kiveri-apartments.com\/de\/"]}]},{"@type":"ImageObject","inLanguage":"de-DE","@id":"https:\/\/www.kiveri-apartments.com\/de\/#primaryimage","url":"https:\/\/www.kiveri-apartments.com\/wordpress\/wp-content\/uploads\/2019\/09\/Kiveri-Apartments-Greece-Peloponnese-Argolis-\u039a\u03b9\u03b2\u03ad\u03c1\u03b9-\u0391\u03c1\u03b3\u03bf\u03bb\u03af\u03b4\u03b1-\u0395\u03bd\u03bf\u03b9\u03ba\u03b9\u03b1\u03b6\u03cc\u03bc\u03b5\u03bd\u03b1-\u0394\u03c9\u03bc\u03ac\u03c4\u03b9\u03b1.jpg","contentUrl":"https:\/\/www.kiveri-apartments.com\/wordpress\/wp-content\/uploads\/2019\/09\/Kiveri-Apartments-Greece-Peloponnese-Argolis-\u039a\u03b9\u03b2\u03ad\u03c1\u03b9-\u0391\u03c1\u03b3\u03bf\u03bb\u03af\u03b4\u03b1-\u0395\u03bd\u03bf\u03b9\u03ba\u03b9\u03b1\u03b6\u03cc\u03bc\u03b5\u03bd\u03b1-\u0394\u03c9\u03bc\u03ac\u03c4\u03b9\u03b1.jpg","width":1400,"height":786,"caption":"Kiveri Apartments Greece Peloponnese Argolis \u039a\u03b9\u03b2\u03ad\u03c1\u03b9 \u0391\u03c1\u03b3\u03bf\u03bb\u03af\u03b4\u03b1 \u0395\u03bd\u03bf\u03b9\u03ba\u03b9\u03b1\u03b6\u03cc\u03bc\u03b5\u03bd\u03b1 \u0394\u03c9\u03bc\u03ac\u03c4\u03b9\u03b1 \u041f\u0435\u043b\u043e\u043f\u043e\u043d\u043d\u0435\u0441 - \u0413\u0440\u0435\u0446\u0438\u0438 - \u041a\u0438\u0432\u0435\u0440\u0438\u043e\u043d - \u041a\u0432\u0430\u0440\u0442\u0438\u0440\u044b \u0443 \u043c\u043e\u0440\u044f"},{"@type":"BreadcrumbList","@id":"https:\/\/www.kiveri-apartments.com\/de\/#breadcrumb","itemListElement":[{"@type":"ListItem","position":1,"name":"Home","item":"https:\/\/www.kiveri-apartments.com\/de\/"},{"@type":"ListItem","position":2,"name":"Kiveri | Peloponnes Griechenland | Apartments am Strand"}]},{"@type":"WebSite","@id":"https:\/\/www.kiveri-apartments.com\/de\/#website","url":"https:\/\/www.kiveri-apartments.com\/de\/","name":"Kiveri Apartments","description":"Vacation Rentals Kiveri Argolida Greece Peloponnese","publisher":{"@id":"https:\/\/www.kiveri-apartments.com\/de\/#organization"},"potentialAction":[{"@type":"SearchAction","target":{"@type":"EntryPoint","urlTemplate":"https:\/\/www.kiveri-apartments.com\/de\/?s={search_term_string}"},"query-input":{"@type":"PropertyValueSpecification","valueRequired":true,"valueName":"search_term_string"}}],"inLanguage":"de-DE"},{"@type":"Organization","@id":"https:\/\/www.kiveri-apartments.com\/de\/#organization","name":"Kiveri Apartments","url":"https:\/\/www.kiveri-apartments.com\/de\/","logo":{"@type":"ImageObject","inLanguage":"de-DE","@id":"https:\/\/www.kiveri-apartments.com\/de\/#\/schema\/logo\/image\/","url":"https:\/\/www.kiveri-apartments.com\/wordpress\/wp-content\/uploads\/2018\/09\/rsz_img_20180807_132619.jpg","contentUrl":"https:\/\/www.kiveri-apartments.com\/wordpress\/wp-content\/uploads\/2018\/09\/rsz_img_20180807_132619.jpg","width":800,"height":600,"caption":"Kiveri Apartments"},"image":{"@id":"https:\/\/www.kiveri-apartments.com\/de\/#\/schema\/logo\/image\/"},"sameAs":["https:\/\/www.facebook.com\/KiveriApartments","https:\/\/www.instagram.com\/Kiveri_Apartments","https:\/\/www.youtube.com\/watch?v=FTIxP6mRCO8","https:\/\/www.tripadvisor.com\/Hotel_Review-g2510119-d8568436-Reviews-Kiveri_Apartments-Kiveri_Argolis_Region_Peloponnese.html"]}]}},"_links":{"self":[{"href":"https:\/\/www.kiveri-apartments.com\/de\/wp-json\/wp\/v2\/pages\/8571","targetHints":{"allow":["GET"]}}],"collection":[{"href":"https:\/\/www.kiveri-apartments.com\/de\/wp-json\/wp\/v2\/pages"}],"about":[{"href":"https:\/\/www.kiveri-apartments.com\/de\/wp-json\/wp\/v2\/types\/page"}],"author":[{"embeddable":true,"href":"https:\/\/www.kiveri-apartments.com\/de\/wp-json\/wp\/v2\/users\/1"}],"replies":[{"embeddable":true,"href":"https:\/\/www.kiveri-apartments.com\/de\/wp-json\/wp\/v2\/comments?post=8571"}],"version-history":[{"count":1,"href":"https:\/\/www.kiveri-apartments.com\/de\/wp-json\/wp\/v2\/pages\/8571\/revisions"}],"predecessor-version":[{"id":10455,"href":"https:\/\/www.kiveri-apartments.com\/de\/wp-json\/wp\/v2\/pages\/8571\/revisions\/10455"}],"wp:featuredmedia":[{"embeddable":true,"href":"https:\/\/www.kiveri-apartments.com\/de\/wp-json\/wp\/v2\/media\/8573"}],"wp:attachment":[{"href":"https:\/\/www.kiveri-apartments.com\/de\/wp-json\/wp\/v2\/media?parent=8571"}],"curies":[{"name":"wp","href":"https:\/\/api.w.org\/{rel}","templated":true}]}}